{"id":758,"date":"2014-07-21T06:55:09","date_gmt":"2014-07-21T06:55:09","guid":{"rendered":"http:\/\/www.onetik.com\/?page_id=758"},"modified":"2021-02-04T08:57:35","modified_gmt":"2021-02-04T08:57:35","slug":"gamme-fermiers","status":"publish","type":"page","link":"https:\/\/www.onetik.com\/fr\/gamme-fermiers\/","title":{"rendered":"La gamme des fromages Fermiers"},"content":{"rendered":"<p style=\"text-align: justify;\">Les producteurs se situent dans la vall\u00e9e d\u2019Aspe et d\u2019Ossau, c\u2019est au c\u0153ur de ces montagnes qu\u2019ils \u00e9l\u00e8vent leurs brebis et fabriquent leurs fromages.<\/p>\n<p style=\"text-align: justify;\">La journ\u00e9e se compose de la traite, le matin et le soir, jusqu\u2019\u00e0 mi-ao\u00fbt puis plus qu\u2019une fois par jour pour arr\u00eater d\u00e9finitivement fin-ao\u00fbt. Les brebis resteront dans les estives jusqu\u2019\u00e0 la fin du mois d\u2019octobre.<\/p>\n<p style=\"text-align: justify;\">La transhumance se fait, avant la tomb\u00e9e de la neige, vers la bergerie o\u00f9 le berger pr\u00e9pare les fourrages pour l\u2019hiver.<\/p>\n<p style=\"text-align: justify;\">Ce sont dans les kayolars (petite maison de berger en montagne) que les \u00e9leveurs fabriquent exclusivement leurs fromages.<\/p>\n<p style=\"text-align: justify;\">Le soin et l\u2019authenticit\u00e9 apport\u00e9s \u00e0 ces fromages sont le gage d\u2019une qualit\u00e9 et d\u2019un savoir-faire reconnus qu\u2019Onetik cherche \u00e0 p\u00e9renniser dans le prolongement d\u2019une tradition pastorale s\u00e9culaire. L\u2019environnement naturel exceptionnel dans lequel les troupeaux \u00e9voluent confirme le caract\u00e8re terroir de cette gamme de fromages fermiers.<\/p>\n<p style=\"text-align: justify;\"><a href=\"http:\/\/www.onetik.com\/wp-content\/uploads\/2014\/07\/Bandeau-Les-Fermiers-png-bis-texte-bis.png\"><img loading=\"lazy\" decoding=\"async\" class=\"alignnone wp-image-878\" src=\"http:\/\/www.onetik.com\/wp-content\/uploads\/2014\/07\/Bandeau-Les-Fermiers-png-bis-texte-bis-1024x246.png\" alt=\"Bandeau Les Fermiers png bis texte bis\" width=\"949\" height=\"228\" srcset=\"https:\/\/www.onetik.com\/wp-content\/uploads\/2014\/07\/Bandeau-Les-Fermiers-png-bis-texte-bis-1024x246.png 1024w, https:\/\/www.onetik.com\/wp-content\/uploads\/2014\/07\/Bandeau-Les-Fermiers-png-bis-texte-bis-300x72.png 300w, https:\/\/www.onetik.com\/wp-content\/uploads\/2014\/07\/Bandeau-Les-Fermiers-png-bis-texte-bis-382x91.png 382w, https:\/\/www.onetik.com\/wp-content\/uploads\/2014\/07\/Bandeau-Les-Fermiers-png-bis-texte-bis.png 1294w\" sizes=\"auto, (max-width: 949px) 100vw, 949px\" \/><\/a><\/p>\n","protected":false},"excerpt":{"rendered":"<p>Les producteurs se situent dans la vall\u00e9e d\u2019Aspe et d\u2019Ossau, c\u2019est au c\u0153ur de ces montagnes qu\u2019ils \u00e9l\u00e8vent leurs brebis [&hellip;]<\/p>\n","protected":false},"author":2,"featured_media":0,"parent":0,"menu_order":0,"comment_status":"closed","ping_status":"closed","template":"","meta":{"_acf_changed":false,"footnotes":""},"class_list":["post-758","page","type-page","status-publish","hentry"],"acf":[],"yoast_head":"<!-- This site is optimized with the Yoast SEO plugin v27.2 - https:\/\/yoast.com\/product\/yoast-seo-wordpress\/ -->\n<title>Les Fromages Basques - Pyr\u00e9n\u00e9es - Onetik<\/title>\n<meta name=\"description\" content=\"Retrouvez l&#039;ensemble des fromages basques et des Pyr\u00e9nn\u00e9es fabriqu\u00e9s par Onetik : pur vache, pur ch\u00e8vre, pur brebis ou lait mixte !\" \/>\n<meta name=\"robots\" content=\"index, follow, max-snippet:-1, max-image-preview:large, max-video-preview:-1\" \/>\n<link rel=\"canonical\" href=\"https:\/\/www.onetik.com\/fr\/gamme-fermiers\/\" \/>\n<meta property=\"og:locale\" content=\"fr_FR\" \/>\n<meta property=\"og:type\" content=\"article\" \/>\n<meta property=\"og:title\" content=\"Les Fromages Basques - Pyr\u00e9n\u00e9es - Onetik\" \/>\n<meta property=\"og:description\" content=\"Retrouvez l&#039;ensemble des fromages basques et des Pyr\u00e9nn\u00e9es fabriqu\u00e9s par Onetik : pur vache, pur ch\u00e8vre, pur brebis ou lait mixte !\" \/>\n<meta property=\"og:url\" content=\"https:\/\/www.onetik.com\/fr\/gamme-fermiers\/\" \/>\n<meta property=\"og:site_name\" content=\"Onetik\" \/>\n<meta property=\"article:modified_time\" content=\"2021-02-04T08:57:35+00:00\" \/>\n<meta property=\"og:image\" content=\"http:\/\/www.onetik.com\/wp-content\/uploads\/2014\/07\/Bandeau-Les-Fermiers-png-bis-texte-bis-1024x246.png\" \/>\n<meta name=\"twitter:card\" content=\"summary_large_image\" \/>\n<meta name=\"twitter:label1\" content=\"Dur\u00e9e de lecture estim\u00e9e\" \/>\n\t<meta name=\"twitter:data1\" content=\"1 minute\" \/>\n<script type=\"application\/ld+json\" class=\"yoast-schema-graph\">{\"@context\":\"https:\/\/schema.org\",\"@graph\":[{\"@type\":\"WebPage\",\"@id\":\"https:\/\/www.onetik.com\/fr\/gamme-fermiers\/\",\"url\":\"https:\/\/www.onetik.com\/fr\/gamme-fermiers\/\",\"name\":\"Les Fromages Basques - Pyr\u00e9n\u00e9es - Onetik\",\"isPartOf\":{\"@id\":\"https:\/\/www.onetik.com\/fr\/#website\"},\"primaryImageOfPage\":{\"@id\":\"https:\/\/www.onetik.com\/fr\/gamme-fermiers\/#primaryimage\"},\"image\":{\"@id\":\"https:\/\/www.onetik.com\/fr\/gamme-fermiers\/#primaryimage\"},\"thumbnailUrl\":\"http:\/\/www.onetik.com\/wp-content\/uploads\/2014\/07\/Bandeau-Les-Fermiers-png-bis-texte-bis-1024x246.png\",\"datePublished\":\"2014-07-21T06:55:09+00:00\",\"dateModified\":\"2021-02-04T08:57:35+00:00\",\"description\":\"Retrouvez l'ensemble des fromages basques et des Pyr\u00e9nn\u00e9es fabriqu\u00e9s par Onetik : pur vache, pur ch\u00e8vre, pur brebis ou lait mixte !\",\"breadcrumb\":{\"@id\":\"https:\/\/www.onetik.com\/fr\/gamme-fermiers\/#breadcrumb\"},\"inLanguage\":\"fr-FR\",\"potentialAction\":[{\"@type\":\"ReadAction\",\"target\":[\"https:\/\/www.onetik.com\/fr\/gamme-fermiers\/\"]}]},{\"@type\":\"ImageObject\",\"inLanguage\":\"fr-FR\",\"@id\":\"https:\/\/www.onetik.com\/fr\/gamme-fermiers\/#primaryimage\",\"url\":\"http:\/\/www.onetik.com\/wp-content\/uploads\/2014\/07\/Bandeau-Les-Fermiers-png-bis-texte-bis-1024x246.png\",\"contentUrl\":\"http:\/\/www.onetik.com\/wp-content\/uploads\/2014\/07\/Bandeau-Les-Fermiers-png-bis-texte-bis-1024x246.png\"},{\"@type\":\"BreadcrumbList\",\"@id\":\"https:\/\/www.onetik.com\/fr\/gamme-fermiers\/#breadcrumb\",\"itemListElement\":[{\"@type\":\"ListItem\",\"position\":1,\"name\":\"Accueil\",\"item\":\"https:\/\/www.onetik.com\/fr\/\"},{\"@type\":\"ListItem\",\"position\":2,\"name\":\"La gamme des fromages Fermiers\"}]},{\"@type\":\"WebSite\",\"@id\":\"https:\/\/www.onetik.com\/fr\/#website\",\"url\":\"https:\/\/www.onetik.com\/fr\/\",\"name\":\"Onetik\",\"description\":\"La Fromagerie du Pays Basque\",\"potentialAction\":[{\"@type\":\"SearchAction\",\"target\":{\"@type\":\"EntryPoint\",\"urlTemplate\":\"https:\/\/www.onetik.com\/fr\/?s={search_term_string}\"},\"query-input\":{\"@type\":\"PropertyValueSpecification\",\"valueRequired\":true,\"valueName\":\"search_term_string\"}}],\"inLanguage\":\"fr-FR\"}]}<\/script>\n<!-- \/ Yoast SEO plugin. -->","yoast_head_json":{"title":"Les Fromages Basques - Pyr\u00e9n\u00e9es - Onetik","description":"Retrouvez l'ensemble des fromages basques et des Pyr\u00e9nn\u00e9es fabriqu\u00e9s par Onetik : pur vache, pur ch\u00e8vre, pur brebis ou lait mixte !","robots":{"index":"index","follow":"follow","max-snippet":"max-snippet:-1","max-image-preview":"max-image-preview:large","max-video-preview":"max-video-preview:-1"},"canonical":"https:\/\/www.onetik.com\/fr\/gamme-fermiers\/","og_locale":"fr_FR","og_type":"article","og_title":"Les Fromages Basques - Pyr\u00e9n\u00e9es - Onetik","og_description":"Retrouvez l'ensemble des fromages basques et des Pyr\u00e9nn\u00e9es fabriqu\u00e9s par Onetik : pur vache, pur ch\u00e8vre, pur brebis ou lait mixte !","og_url":"https:\/\/www.onetik.com\/fr\/gamme-fermiers\/","og_site_name":"Onetik","article_modified_time":"2021-02-04T08:57:35+00:00","og_image":[{"url":"http:\/\/www.onetik.com\/wp-content\/uploads\/2014\/07\/Bandeau-Les-Fermiers-png-bis-texte-bis-1024x246.png","type":"","width":"","height":""}],"twitter_card":"summary_large_image","twitter_misc":{"Dur\u00e9e de lecture estim\u00e9e":"1 minute"},"schema":{"@context":"https:\/\/schema.org","@graph":[{"@type":"WebPage","@id":"https:\/\/www.onetik.com\/fr\/gamme-fermiers\/","url":"https:\/\/www.onetik.com\/fr\/gamme-fermiers\/","name":"Les Fromages Basques - Pyr\u00e9n\u00e9es - Onetik","isPartOf":{"@id":"https:\/\/www.onetik.com\/fr\/#website"},"primaryImageOfPage":{"@id":"https:\/\/www.onetik.com\/fr\/gamme-fermiers\/#primaryimage"},"image":{"@id":"https:\/\/www.onetik.com\/fr\/gamme-fermiers\/#primaryimage"},"thumbnailUrl":"http:\/\/www.onetik.com\/wp-content\/uploads\/2014\/07\/Bandeau-Les-Fermiers-png-bis-texte-bis-1024x246.png","datePublished":"2014-07-21T06:55:09+00:00","dateModified":"2021-02-04T08:57:35+00:00","description":"Retrouvez l'ensemble des fromages basques et des Pyr\u00e9nn\u00e9es fabriqu\u00e9s par Onetik : pur vache, pur ch\u00e8vre, pur brebis ou lait mixte !","breadcrumb":{"@id":"https:\/\/www.onetik.com\/fr\/gamme-fermiers\/#breadcrumb"},"inLanguage":"fr-FR","potentialAction":[{"@type":"ReadAction","target":["https:\/\/www.onetik.com\/fr\/gamme-fermiers\/"]}]},{"@type":"ImageObject","inLanguage":"fr-FR","@id":"https:\/\/www.onetik.com\/fr\/gamme-fermiers\/#primaryimage","url":"http:\/\/www.onetik.com\/wp-content\/uploads\/2014\/07\/Bandeau-Les-Fermiers-png-bis-texte-bis-1024x246.png","contentUrl":"http:\/\/www.onetik.com\/wp-content\/uploads\/2014\/07\/Bandeau-Les-Fermiers-png-bis-texte-bis-1024x246.png"},{"@type":"BreadcrumbList","@id":"https:\/\/www.onetik.com\/fr\/gamme-fermiers\/#breadcrumb","itemListElement":[{"@type":"ListItem","position":1,"name":"Accueil","item":"https:\/\/www.onetik.com\/fr\/"},{"@type":"ListItem","position":2,"name":"La gamme des fromages Fermiers"}]},{"@type":"WebSite","@id":"https:\/\/www.onetik.com\/fr\/#website","url":"https:\/\/www.onetik.com\/fr\/","name":"Onetik","description":"La Fromagerie du Pays Basque","potentialAction":[{"@type":"SearchAction","target":{"@type":"EntryPoint","urlTemplate":"https:\/\/www.onetik.com\/fr\/?s={search_term_string}"},"query-input":{"@type":"PropertyValueSpecification","valueRequired":true,"valueName":"search_term_string"}}],"inLanguage":"fr-FR"}]}},"_links":{"self":[{"href":"https:\/\/www.onetik.com\/fr\/wp-json\/wp\/v2\/pages\/758","targetHints":{"allow":["GET"]}}],"collection":[{"href":"https:\/\/www.onetik.com\/fr\/wp-json\/wp\/v2\/pages"}],"about":[{"href":"https:\/\/www.onetik.com\/fr\/wp-json\/wp\/v2\/types\/page"}],"author":[{"embeddable":true,"href":"https:\/\/www.onetik.com\/fr\/wp-json\/wp\/v2\/users\/2"}],"replies":[{"embeddable":true,"href":"https:\/\/www.onetik.com\/fr\/wp-json\/wp\/v2\/comments?post=758"}],"version-history":[{"count":9,"href":"https:\/\/www.onetik.com\/fr\/wp-json\/wp\/v2\/pages\/758\/revisions"}],"predecessor-version":[{"id":14099,"href":"https:\/\/www.onetik.com\/fr\/wp-json\/wp\/v2\/pages\/758\/revisions\/14099"}],"wp:attachment":[{"href":"https:\/\/www.onetik.com\/fr\/wp-json\/wp\/v2\/media?parent=758"}],"curies":[{"name":"wp","href":"https:\/\/api.w.org\/{rel}","templated":true}]}}