{"id":7,"date":"2014-06-19T14:42:05","date_gmt":"2014-06-19T14:42:05","guid":{"rendered":"http:\/\/www.onetik.com\/?page_id=7"},"modified":"2023-02-28T14:36:34","modified_gmt":"2023-02-28T14:36:34","slug":"metiers","status":"publish","type":"page","link":"https:\/\/www.onetik.com\/fr\/fromagerie\/metiers\/","title":{"rendered":"Des m\u00e9tiers et des hommes"},"content":{"rendered":"<p>Les fromages Onetik sont n\u00e9s de la rencontre des hommes avec la nature. Aujourd&rsquo;hui encore, c&rsquo;est cette nature pr\u00e9serv\u00e9e\u00a0qui donne \u00e0 nos fromages un go\u00fbt unique.<\/p>\n<p style=\"text-align: justify;\"><span style=\"color: #c9a95d;\"><strong>Producteur de lait<\/strong><\/span><\/p>\n<p style=\"text-align: justify;\">Au Pays Basque, nous collectons le lait de vache, de ch\u00e8vre et de brebis.<\/p>\n<p>Dans notre r\u00e9gion, il existe 3 races locales de brebis : les manex t\u00eate rousse, les manex\u00a0 t\u00eate noire et les basco-b\u00e9arnaises.<\/p>\n<p>Ce sont ces 3 \u00e9levages caprins, ovins et bovins qui fournissent \u00e0 Onetik un lait de qualit\u00e9 pour la fabrication de nos fromages.<\/p>\n<p style=\"text-align: justify;\"><span style=\"color: #c9a95d;\"><strong>Fromager<\/strong><\/span><\/p>\n<p>Le fromager est le garant de nos recettes. Il suit toute la transformation du lait en fromage pour assurer la qualit\u00e9 de nos fromages tout au long de l\u2019ann\u00e9e.<\/p>\n<p><strong><span style=\"color: #c9a95d;\">Affineur<\/span> <\/strong><\/p>\n<p>L\u2019affineur est le garant du soin que nous apportons \u00e0 tous nos fromages. Il d\u00e9veloppe dans les caves, les ar\u00f4mes et saveurs si sp\u00e9cifiques \u00e0 nos fromages.<\/p>\n","protected":false},"excerpt":{"rendered":"<p>Les fromages Onetik sont n\u00e9s de la rencontre des hommes avec la nature. Aujourd&rsquo;hui encore, c&rsquo;est cette nature pr\u00e9serv\u00e9e\u00a0qui donne [&hellip;]<\/p>\n","protected":false},"author":1,"featured_media":15000,"parent":56,"menu_order":2,"comment_status":"closed","ping_status":"closed","template":"page-template\/metiers.php","meta":{"_acf_changed":false,"footnotes":""},"class_list":["post-7","page","type-page","status-publish","has-post-thumbnail","hentry"],"acf":[],"yoast_head":"<!-- This site is optimized with the Yoast SEO plugin v27.2 - https:\/\/yoast.com\/product\/yoast-seo-wordpress\/ -->\n<title>Des m\u00e9tiers et des hommes - Onetik<\/title>\n<meta name=\"description\" content=\"Les fromages Onetik sont n\u00e9s de la rencontre des hommes avec la nature. C&#039;est cette nature pr\u00e9serv\u00e9e\u00a0qui donne \u00e0 nos fromages un go\u00fbt unique.\" \/>\n<meta name=\"robots\" content=\"index, follow, max-snippet:-1, max-image-preview:large, max-video-preview:-1\" \/>\n<link rel=\"canonical\" href=\"https:\/\/www.onetik.com\/fr\/fromagerie\/metiers\/\" \/>\n<meta property=\"og:locale\" content=\"fr_FR\" \/>\n<meta property=\"og:type\" content=\"article\" \/>\n<meta property=\"og:title\" content=\"Des m\u00e9tiers et des hommes - Onetik\" \/>\n<meta property=\"og:description\" content=\"Les fromages Onetik sont n\u00e9s de la rencontre des hommes avec la nature. C&#039;est cette nature pr\u00e9serv\u00e9e\u00a0qui donne \u00e0 nos fromages un go\u00fbt unique.\" \/>\n<meta property=\"og:url\" content=\"https:\/\/www.onetik.com\/fr\/fromagerie\/metiers\/\" \/>\n<meta property=\"og:site_name\" content=\"Onetik\" \/>\n<meta property=\"article:modified_time\" content=\"2023-02-28T14:36:34+00:00\" \/>\n<meta property=\"og:image\" content=\"https:\/\/www.onetik.com\/wp-content\/uploads\/2023\/02\/Onetik_BasseDef_@PierreCarton_033.jpg\" \/>\n\t<meta property=\"og:image:width\" content=\"1875\" \/>\n\t<meta property=\"og:image:height\" content=\"2500\" \/>\n\t<meta property=\"og:image:type\" content=\"image\/jpeg\" \/>\n<meta name=\"twitter:card\" content=\"summary_large_image\" \/>\n<meta name=\"twitter:label1\" content=\"Dur\u00e9e de lecture estim\u00e9e\" \/>\n\t<meta name=\"twitter:data1\" content=\"1 minute\" \/>\n<script type=\"application\/ld+json\" class=\"yoast-schema-graph\">{\"@context\":\"https:\/\/schema.org\",\"@graph\":[{\"@type\":\"WebPage\",\"@id\":\"https:\/\/www.onetik.com\/fr\/fromagerie\/metiers\/\",\"url\":\"https:\/\/www.onetik.com\/fr\/fromagerie\/metiers\/\",\"name\":\"Des m\u00e9tiers et des hommes - Onetik\",\"isPartOf\":{\"@id\":\"https:\/\/www.onetik.com\/fr\/#website\"},\"primaryImageOfPage\":{\"@id\":\"https:\/\/www.onetik.com\/fr\/fromagerie\/metiers\/#primaryimage\"},\"image\":{\"@id\":\"https:\/\/www.onetik.com\/fr\/fromagerie\/metiers\/#primaryimage\"},\"thumbnailUrl\":\"https:\/\/www.onetik.com\/wp-content\/uploads\/2023\/02\/Onetik_BasseDef_@PierreCarton_033.jpg\",\"datePublished\":\"2014-06-19T14:42:05+00:00\",\"dateModified\":\"2023-02-28T14:36:34+00:00\",\"description\":\"Les fromages Onetik sont n\u00e9s de la rencontre des hommes avec la nature. C'est cette nature pr\u00e9serv\u00e9e\u00a0qui donne \u00e0 nos fromages un go\u00fbt unique.\",\"breadcrumb\":{\"@id\":\"https:\/\/www.onetik.com\/fr\/fromagerie\/metiers\/#breadcrumb\"},\"inLanguage\":\"fr-FR\",\"potentialAction\":[{\"@type\":\"ReadAction\",\"target\":[\"https:\/\/www.onetik.com\/fr\/fromagerie\/metiers\/\"]}]},{\"@type\":\"ImageObject\",\"inLanguage\":\"fr-FR\",\"@id\":\"https:\/\/www.onetik.com\/fr\/fromagerie\/metiers\/#primaryimage\",\"url\":\"https:\/\/www.onetik.com\/wp-content\/uploads\/2023\/02\/Onetik_BasseDef_@PierreCarton_033.jpg\",\"contentUrl\":\"https:\/\/www.onetik.com\/wp-content\/uploads\/2023\/02\/Onetik_BasseDef_@PierreCarton_033.jpg\",\"width\":1875,\"height\":2500,\"caption\":\"www.pierrecarton.com\"},{\"@type\":\"BreadcrumbList\",\"@id\":\"https:\/\/www.onetik.com\/fr\/fromagerie\/metiers\/#breadcrumb\",\"itemListElement\":[{\"@type\":\"ListItem\",\"position\":1,\"name\":\"Accueil\",\"item\":\"https:\/\/www.onetik.com\/fr\/\"},{\"@type\":\"ListItem\",\"position\":2,\"name\":\"La fromagerie\",\"item\":\"https:\/\/www.onetik.com\/fr\/fromagerie\/\"},{\"@type\":\"ListItem\",\"position\":3,\"name\":\"Des m\u00e9tiers et des hommes\"}]},{\"@type\":\"WebSite\",\"@id\":\"https:\/\/www.onetik.com\/fr\/#website\",\"url\":\"https:\/\/www.onetik.com\/fr\/\",\"name\":\"Onetik\",\"description\":\"La Fromagerie du Pays Basque\",\"potentialAction\":[{\"@type\":\"SearchAction\",\"target\":{\"@type\":\"EntryPoint\",\"urlTemplate\":\"https:\/\/www.onetik.com\/fr\/?s={search_term_string}\"},\"query-input\":{\"@type\":\"PropertyValueSpecification\",\"valueRequired\":true,\"valueName\":\"search_term_string\"}}],\"inLanguage\":\"fr-FR\"}]}<\/script>\n<!-- \/ Yoast SEO plugin. -->","yoast_head_json":{"title":"Des m\u00e9tiers et des hommes - Onetik","description":"Les fromages Onetik sont n\u00e9s de la rencontre des hommes avec la nature. C'est cette nature pr\u00e9serv\u00e9e\u00a0qui donne \u00e0 nos fromages un go\u00fbt unique.","robots":{"index":"index","follow":"follow","max-snippet":"max-snippet:-1","max-image-preview":"max-image-preview:large","max-video-preview":"max-video-preview:-1"},"canonical":"https:\/\/www.onetik.com\/fr\/fromagerie\/metiers\/","og_locale":"fr_FR","og_type":"article","og_title":"Des m\u00e9tiers et des hommes - Onetik","og_description":"Les fromages Onetik sont n\u00e9s de la rencontre des hommes avec la nature. C'est cette nature pr\u00e9serv\u00e9e\u00a0qui donne \u00e0 nos fromages un go\u00fbt unique.","og_url":"https:\/\/www.onetik.com\/fr\/fromagerie\/metiers\/","og_site_name":"Onetik","article_modified_time":"2023-02-28T14:36:34+00:00","og_image":[{"width":1875,"height":2500,"url":"https:\/\/www.onetik.com\/wp-content\/uploads\/2023\/02\/Onetik_BasseDef_@PierreCarton_033.jpg","type":"image\/jpeg"}],"twitter_card":"summary_large_image","twitter_misc":{"Dur\u00e9e de lecture estim\u00e9e":"1 minute"},"schema":{"@context":"https:\/\/schema.org","@graph":[{"@type":"WebPage","@id":"https:\/\/www.onetik.com\/fr\/fromagerie\/metiers\/","url":"https:\/\/www.onetik.com\/fr\/fromagerie\/metiers\/","name":"Des m\u00e9tiers et des hommes - Onetik","isPartOf":{"@id":"https:\/\/www.onetik.com\/fr\/#website"},"primaryImageOfPage":{"@id":"https:\/\/www.onetik.com\/fr\/fromagerie\/metiers\/#primaryimage"},"image":{"@id":"https:\/\/www.onetik.com\/fr\/fromagerie\/metiers\/#primaryimage"},"thumbnailUrl":"https:\/\/www.onetik.com\/wp-content\/uploads\/2023\/02\/Onetik_BasseDef_@PierreCarton_033.jpg","datePublished":"2014-06-19T14:42:05+00:00","dateModified":"2023-02-28T14:36:34+00:00","description":"Les fromages Onetik sont n\u00e9s de la rencontre des hommes avec la nature. C'est cette nature pr\u00e9serv\u00e9e\u00a0qui donne \u00e0 nos fromages un go\u00fbt unique.","breadcrumb":{"@id":"https:\/\/www.onetik.com\/fr\/fromagerie\/metiers\/#breadcrumb"},"inLanguage":"fr-FR","potentialAction":[{"@type":"ReadAction","target":["https:\/\/www.onetik.com\/fr\/fromagerie\/metiers\/"]}]},{"@type":"ImageObject","inLanguage":"fr-FR","@id":"https:\/\/www.onetik.com\/fr\/fromagerie\/metiers\/#primaryimage","url":"https:\/\/www.onetik.com\/wp-content\/uploads\/2023\/02\/Onetik_BasseDef_@PierreCarton_033.jpg","contentUrl":"https:\/\/www.onetik.com\/wp-content\/uploads\/2023\/02\/Onetik_BasseDef_@PierreCarton_033.jpg","width":1875,"height":2500,"caption":"www.pierrecarton.com"},{"@type":"BreadcrumbList","@id":"https:\/\/www.onetik.com\/fr\/fromagerie\/metiers\/#breadcrumb","itemListElement":[{"@type":"ListItem","position":1,"name":"Accueil","item":"https:\/\/www.onetik.com\/fr\/"},{"@type":"ListItem","position":2,"name":"La fromagerie","item":"https:\/\/www.onetik.com\/fr\/fromagerie\/"},{"@type":"ListItem","position":3,"name":"Des m\u00e9tiers et des hommes"}]},{"@type":"WebSite","@id":"https:\/\/www.onetik.com\/fr\/#website","url":"https:\/\/www.onetik.com\/fr\/","name":"Onetik","description":"La Fromagerie du Pays Basque","potentialAction":[{"@type":"SearchAction","target":{"@type":"EntryPoint","urlTemplate":"https:\/\/www.onetik.com\/fr\/?s={search_term_string}"},"query-input":{"@type":"PropertyValueSpecification","valueRequired":true,"valueName":"search_term_string"}}],"inLanguage":"fr-FR"}]}},"_links":{"self":[{"href":"https:\/\/www.onetik.com\/fr\/wp-json\/wp\/v2\/pages\/7","targetHints":{"allow":["GET"]}}],"collection":[{"href":"https:\/\/www.onetik.com\/fr\/wp-json\/wp\/v2\/pages"}],"about":[{"href":"https:\/\/www.onetik.com\/fr\/wp-json\/wp\/v2\/types\/page"}],"author":[{"embeddable":true,"href":"https:\/\/www.onetik.com\/fr\/wp-json\/wp\/v2\/users\/1"}],"replies":[{"embeddable":true,"href":"https:\/\/www.onetik.com\/fr\/wp-json\/wp\/v2\/comments?post=7"}],"version-history":[{"count":16,"href":"https:\/\/www.onetik.com\/fr\/wp-json\/wp\/v2\/pages\/7\/revisions"}],"predecessor-version":[{"id":13815,"href":"https:\/\/www.onetik.com\/fr\/wp-json\/wp\/v2\/pages\/7\/revisions\/13815"}],"up":[{"embeddable":true,"href":"https:\/\/www.onetik.com\/fr\/wp-json\/wp\/v2\/pages\/56"}],"wp:featuredmedia":[{"embeddable":true,"href":"https:\/\/www.onetik.com\/fr\/wp-json\/wp\/v2\/media\/15000"}],"wp:attachment":[{"href":"https:\/\/www.onetik.com\/fr\/wp-json\/wp\/v2\/media?parent=7"}],"curies":[{"name":"wp","href":"https:\/\/api.w.org\/{rel}","templated":true}]}}