{"id":570,"date":"2014-07-17T06:50:03","date_gmt":"2014-07-17T06:50:03","guid":{"rendered":"http:\/\/www.onetik.com\/?page_id=570"},"modified":"2022-11-07T09:38:54","modified_gmt":"2022-11-07T09:38:54","slug":"le-pays-basque","status":"publish","type":"page","link":"https:\/\/www.onetik.com\/fr\/le-pays-basque\/","title":{"rendered":"Le Pays Basque"},"content":{"rendered":"<p><a href=\"http:\/\/www.onetik.com\/wp-content\/uploads\/2020\/04\/78375532_2165984667042541_2712268076442714112_o.jpg\"><img loading=\"lazy\" decoding=\"async\" class=\"wp-image-13734 alignright\" src=\"http:\/\/www.onetik.com\/wp-content\/uploads\/2020\/04\/78375532_2165984667042541_2712268076442714112_o-300x200.jpg\" alt=\"\" width=\"449\" height=\"300\" srcset=\"https:\/\/www.onetik.com\/wp-content\/uploads\/2020\/04\/78375532_2165984667042541_2712268076442714112_o-300x200.jpg 300w, https:\/\/www.onetik.com\/wp-content\/uploads\/2020\/04\/78375532_2165984667042541_2712268076442714112_o-1024x683.jpg 1024w, https:\/\/www.onetik.com\/wp-content\/uploads\/2020\/04\/78375532_2165984667042541_2712268076442714112_o-768x512.jpg 768w, https:\/\/www.onetik.com\/wp-content\/uploads\/2020\/04\/78375532_2165984667042541_2712268076442714112_o-1536x1025.jpg 1536w, https:\/\/www.onetik.com\/wp-content\/uploads\/2020\/04\/78375532_2165984667042541_2712268076442714112_o-286x192.jpg 286w, https:\/\/www.onetik.com\/wp-content\/uploads\/2020\/04\/78375532_2165984667042541_2712268076442714112_o-382x255.jpg 382w, https:\/\/www.onetik.com\/wp-content\/uploads\/2020\/04\/78375532_2165984667042541_2712268076442714112_o.jpg 1875w\" sizes=\"auto, (max-width: 449px) 100vw, 449px\" \/><\/a><\/p>\n<p>Au sud, il y a la montagne coll\u00e9e \u00e0 l\u2019Espagne et \u00e0 l\u2019ouest, l\u2019oc\u00e9an. Cette proximit\u00e9 en s\u00e9duit plus d\u2019un\u00a0! L\u2019hiver, un spectacle m\u00e9morable se produit\u00a0: le contraste entre le bleu de l&rsquo;oc\u00e9an et le blanc des cimes des Pyr\u00e9n\u00e9es.<\/p>\n<p>Entre les deux tableaux, on aper\u00e7oit des villages traditionnels avec des maisons aux fa\u00e7ades rouges et parfois vertes. Mais connaissez-vous l\u2019origine du fameux rouge basque ? Dans le pass\u00e9, on badigeonnait le bois des maisons, poutres, colombages, portes et volets avec du sang de b\u0153uf cens\u00e9 prot\u00e9ger de la moisissure et des insectes.<\/p>\n<p>Entre les villages, des collines, parsem\u00e9es de troupeaux de brebis, et des for\u00eats centenaires s\u2019entrelacent pour nous donner un paysage verdoyant et bois\u00e9. Ces paysages font la joie des randonneurs, nombreux\u00a0sont-ils !<\/p>\n<p><img loading=\"lazy\" decoding=\"async\" class=\"wp-image-606 alignright\" src=\"http:\/\/www.onetik.com\/wp-content\/uploads\/2014\/07\/Image-du-Pays-Basque-1-300x210.jpg\" alt=\"Image du Pays Basque-1\" width=\"448\" height=\"313\" srcset=\"https:\/\/www.onetik.com\/wp-content\/uploads\/2014\/07\/Image-du-Pays-Basque-1-300x210.jpg 300w, https:\/\/www.onetik.com\/wp-content\/uploads\/2014\/07\/Image-du-Pays-Basque-1-1024x718.jpg 1024w, https:\/\/www.onetik.com\/wp-content\/uploads\/2014\/07\/Image-du-Pays-Basque-1-382x268.jpg 382w, https:\/\/www.onetik.com\/wp-content\/uploads\/2014\/07\/Image-du-Pays-Basque-1.jpg 1565w\" sizes=\"auto, (max-width: 448px) 100vw, 448px\" \/><\/p>\n<p>Et pour finir, ce sont les hommes et les femmes qui continuent \u00e0 perp\u00e9tuer les traditions et \u00e0 entretenir la culture du Pays Basque. Ce sont eux qui transmettent la langue basque, la plus ancienne d\u2019Europe, qui ne ressemblent \u00e0 aucune autre.<\/p>\n<p>En bref, le Pays Basque est une r\u00e9gion authentique o\u00f9 l\u2019on peut d\u00e9couvrir ses traditions, son paysage mais aussi sa gastronomie\u00a0!<\/p>\n<p>&nbsp;<\/p>\n<p style=\"text-align: justify;\">\n","protected":false},"excerpt":{"rendered":"<p>Au sud, il y a la montagne coll\u00e9e \u00e0 l\u2019Espagne et \u00e0 l\u2019ouest, l\u2019oc\u00e9an. Cette proximit\u00e9 en s\u00e9duit plus d\u2019un\u00a0! [&hellip;]<\/p>\n","protected":false},"author":2,"featured_media":13734,"parent":0,"menu_order":2,"comment_status":"closed","ping_status":"closed","template":"","meta":{"_acf_changed":false,"footnotes":""},"class_list":["post-570","page","type-page","status-publish","has-post-thumbnail","hentry"],"acf":[],"yoast_head":"<!-- This site is optimized with the Yoast SEO plugin v27.2 - https:\/\/yoast.com\/product\/yoast-seo-wordpress\/ -->\n<title>Le Pays Basque - Onetik<\/title>\n<meta name=\"description\" content=\"Venez d\u00e9couvrir la r\u00e9gion o\u00f9 la fromagerie Onetik est n\u00e9e ! Le Pays Basque, un petit bout de terre bord\u00e9 par la pr\u00e9sence de montagnes et de l&#039;oc\u00e9an !\" \/>\n<meta name=\"robots\" content=\"index, follow, max-snippet:-1, max-image-preview:large, max-video-preview:-1\" \/>\n<link rel=\"canonical\" href=\"https:\/\/www.onetik.com\/fr\/le-pays-basque\/\" \/>\n<meta property=\"og:locale\" content=\"fr_FR\" \/>\n<meta property=\"og:type\" content=\"article\" \/>\n<meta property=\"og:title\" content=\"Le Pays Basque - Onetik\" \/>\n<meta property=\"og:description\" content=\"Venez d\u00e9couvrir la r\u00e9gion o\u00f9 la fromagerie Onetik est n\u00e9e ! Le Pays Basque, un petit bout de terre bord\u00e9 par la pr\u00e9sence de montagnes et de l&#039;oc\u00e9an !\" \/>\n<meta property=\"og:url\" content=\"https:\/\/www.onetik.com\/fr\/le-pays-basque\/\" \/>\n<meta property=\"og:site_name\" content=\"Onetik\" \/>\n<meta property=\"article:modified_time\" content=\"2022-11-07T09:38:54+00:00\" \/>\n<meta property=\"og:image\" content=\"https:\/\/www.onetik.com\/wp-content\/uploads\/2020\/04\/78375532_2165984667042541_2712268076442714112_o.jpg\" \/>\n\t<meta property=\"og:image:width\" content=\"1875\" \/>\n\t<meta property=\"og:image:height\" content=\"1251\" \/>\n\t<meta property=\"og:image:type\" content=\"image\/jpeg\" \/>\n<meta name=\"twitter:card\" content=\"summary_large_image\" \/>\n<meta name=\"twitter:label1\" content=\"Dur\u00e9e de lecture estim\u00e9e\" \/>\n\t<meta name=\"twitter:data1\" content=\"2 minutes\" \/>\n<script type=\"application\/ld+json\" class=\"yoast-schema-graph\">{\"@context\":\"https:\/\/schema.org\",\"@graph\":[{\"@type\":\"WebPage\",\"@id\":\"https:\/\/www.onetik.com\/fr\/le-pays-basque\/\",\"url\":\"https:\/\/www.onetik.com\/fr\/le-pays-basque\/\",\"name\":\"Le Pays Basque - Onetik\",\"isPartOf\":{\"@id\":\"https:\/\/www.onetik.com\/fr\/#website\"},\"primaryImageOfPage\":{\"@id\":\"https:\/\/www.onetik.com\/fr\/le-pays-basque\/#primaryimage\"},\"image\":{\"@id\":\"https:\/\/www.onetik.com\/fr\/le-pays-basque\/#primaryimage\"},\"thumbnailUrl\":\"https:\/\/www.onetik.com\/wp-content\/uploads\/2020\/04\/78375532_2165984667042541_2712268076442714112_o.jpg\",\"datePublished\":\"2014-07-17T06:50:03+00:00\",\"dateModified\":\"2022-11-07T09:38:54+00:00\",\"description\":\"Venez d\u00e9couvrir la r\u00e9gion o\u00f9 la fromagerie Onetik est n\u00e9e ! Le Pays Basque, un petit bout de terre bord\u00e9 par la pr\u00e9sence de montagnes et de l'oc\u00e9an !\",\"breadcrumb\":{\"@id\":\"https:\/\/www.onetik.com\/fr\/le-pays-basque\/#breadcrumb\"},\"inLanguage\":\"fr-FR\",\"potentialAction\":[{\"@type\":\"ReadAction\",\"target\":[\"https:\/\/www.onetik.com\/fr\/le-pays-basque\/\"]}]},{\"@type\":\"ImageObject\",\"inLanguage\":\"fr-FR\",\"@id\":\"https:\/\/www.onetik.com\/fr\/le-pays-basque\/#primaryimage\",\"url\":\"https:\/\/www.onetik.com\/wp-content\/uploads\/2020\/04\/78375532_2165984667042541_2712268076442714112_o.jpg\",\"contentUrl\":\"https:\/\/www.onetik.com\/wp-content\/uploads\/2020\/04\/78375532_2165984667042541_2712268076442714112_o.jpg\",\"width\":1875,\"height\":1251},{\"@type\":\"BreadcrumbList\",\"@id\":\"https:\/\/www.onetik.com\/fr\/le-pays-basque\/#breadcrumb\",\"itemListElement\":[{\"@type\":\"ListItem\",\"position\":1,\"name\":\"Accueil\",\"item\":\"https:\/\/www.onetik.com\/fr\/\"},{\"@type\":\"ListItem\",\"position\":2,\"name\":\"Le Pays Basque\"}]},{\"@type\":\"WebSite\",\"@id\":\"https:\/\/www.onetik.com\/fr\/#website\",\"url\":\"https:\/\/www.onetik.com\/fr\/\",\"name\":\"Onetik\",\"description\":\"La Fromagerie du Pays Basque\",\"potentialAction\":[{\"@type\":\"SearchAction\",\"target\":{\"@type\":\"EntryPoint\",\"urlTemplate\":\"https:\/\/www.onetik.com\/fr\/?s={search_term_string}\"},\"query-input\":{\"@type\":\"PropertyValueSpecification\",\"valueRequired\":true,\"valueName\":\"search_term_string\"}}],\"inLanguage\":\"fr-FR\"}]}<\/script>\n<!-- \/ Yoast SEO plugin. -->","yoast_head_json":{"title":"Le Pays Basque - Onetik","description":"Venez d\u00e9couvrir la r\u00e9gion o\u00f9 la fromagerie Onetik est n\u00e9e ! Le Pays Basque, un petit bout de terre bord\u00e9 par la pr\u00e9sence de montagnes et de l'oc\u00e9an !","robots":{"index":"index","follow":"follow","max-snippet":"max-snippet:-1","max-image-preview":"max-image-preview:large","max-video-preview":"max-video-preview:-1"},"canonical":"https:\/\/www.onetik.com\/fr\/le-pays-basque\/","og_locale":"fr_FR","og_type":"article","og_title":"Le Pays Basque - Onetik","og_description":"Venez d\u00e9couvrir la r\u00e9gion o\u00f9 la fromagerie Onetik est n\u00e9e ! Le Pays Basque, un petit bout de terre bord\u00e9 par la pr\u00e9sence de montagnes et de l'oc\u00e9an !","og_url":"https:\/\/www.onetik.com\/fr\/le-pays-basque\/","og_site_name":"Onetik","article_modified_time":"2022-11-07T09:38:54+00:00","og_image":[{"width":1875,"height":1251,"url":"https:\/\/www.onetik.com\/wp-content\/uploads\/2020\/04\/78375532_2165984667042541_2712268076442714112_o.jpg","type":"image\/jpeg"}],"twitter_card":"summary_large_image","twitter_misc":{"Dur\u00e9e de lecture estim\u00e9e":"2 minutes"},"schema":{"@context":"https:\/\/schema.org","@graph":[{"@type":"WebPage","@id":"https:\/\/www.onetik.com\/fr\/le-pays-basque\/","url":"https:\/\/www.onetik.com\/fr\/le-pays-basque\/","name":"Le Pays Basque - Onetik","isPartOf":{"@id":"https:\/\/www.onetik.com\/fr\/#website"},"primaryImageOfPage":{"@id":"https:\/\/www.onetik.com\/fr\/le-pays-basque\/#primaryimage"},"image":{"@id":"https:\/\/www.onetik.com\/fr\/le-pays-basque\/#primaryimage"},"thumbnailUrl":"https:\/\/www.onetik.com\/wp-content\/uploads\/2020\/04\/78375532_2165984667042541_2712268076442714112_o.jpg","datePublished":"2014-07-17T06:50:03+00:00","dateModified":"2022-11-07T09:38:54+00:00","description":"Venez d\u00e9couvrir la r\u00e9gion o\u00f9 la fromagerie Onetik est n\u00e9e ! Le Pays Basque, un petit bout de terre bord\u00e9 par la pr\u00e9sence de montagnes et de l'oc\u00e9an !","breadcrumb":{"@id":"https:\/\/www.onetik.com\/fr\/le-pays-basque\/#breadcrumb"},"inLanguage":"fr-FR","potentialAction":[{"@type":"ReadAction","target":["https:\/\/www.onetik.com\/fr\/le-pays-basque\/"]}]},{"@type":"ImageObject","inLanguage":"fr-FR","@id":"https:\/\/www.onetik.com\/fr\/le-pays-basque\/#primaryimage","url":"https:\/\/www.onetik.com\/wp-content\/uploads\/2020\/04\/78375532_2165984667042541_2712268076442714112_o.jpg","contentUrl":"https:\/\/www.onetik.com\/wp-content\/uploads\/2020\/04\/78375532_2165984667042541_2712268076442714112_o.jpg","width":1875,"height":1251},{"@type":"BreadcrumbList","@id":"https:\/\/www.onetik.com\/fr\/le-pays-basque\/#breadcrumb","itemListElement":[{"@type":"ListItem","position":1,"name":"Accueil","item":"https:\/\/www.onetik.com\/fr\/"},{"@type":"ListItem","position":2,"name":"Le Pays Basque"}]},{"@type":"WebSite","@id":"https:\/\/www.onetik.com\/fr\/#website","url":"https:\/\/www.onetik.com\/fr\/","name":"Onetik","description":"La Fromagerie du Pays Basque","potentialAction":[{"@type":"SearchAction","target":{"@type":"EntryPoint","urlTemplate":"https:\/\/www.onetik.com\/fr\/?s={search_term_string}"},"query-input":{"@type":"PropertyValueSpecification","valueRequired":true,"valueName":"search_term_string"}}],"inLanguage":"fr-FR"}]}},"_links":{"self":[{"href":"https:\/\/www.onetik.com\/fr\/wp-json\/wp\/v2\/pages\/570","targetHints":{"allow":["GET"]}}],"collection":[{"href":"https:\/\/www.onetik.com\/fr\/wp-json\/wp\/v2\/pages"}],"about":[{"href":"https:\/\/www.onetik.com\/fr\/wp-json\/wp\/v2\/types\/page"}],"author":[{"embeddable":true,"href":"https:\/\/www.onetik.com\/fr\/wp-json\/wp\/v2\/users\/2"}],"replies":[{"embeddable":true,"href":"https:\/\/www.onetik.com\/fr\/wp-json\/wp\/v2\/comments?post=570"}],"version-history":[{"count":9,"href":"https:\/\/www.onetik.com\/fr\/wp-json\/wp\/v2\/pages\/570\/revisions"}],"predecessor-version":[{"id":14772,"href":"https:\/\/www.onetik.com\/fr\/wp-json\/wp\/v2\/pages\/570\/revisions\/14772"}],"wp:featuredmedia":[{"embeddable":true,"href":"https:\/\/www.onetik.com\/fr\/wp-json\/wp\/v2\/media\/13734"}],"wp:attachment":[{"href":"https:\/\/www.onetik.com\/fr\/wp-json\/wp\/v2\/media?parent=570"}],"curies":[{"name":"wp","href":"https:\/\/api.w.org\/{rel}","templated":true}]}}