{"id":54,"date":"2014-06-24T13:54:41","date_gmt":"2014-06-24T13:54:41","guid":{"rendered":"http:\/\/www.onetik.com\/?page_id=54"},"modified":"2023-02-28T14:24:30","modified_gmt":"2023-02-28T14:24:30","slug":"notre-gamme","status":"publish","type":"page","link":"https:\/\/www.onetik.com\/fr\/notre-gamme\/","title":{"rendered":"Notre gamme"},"content":{"rendered":"<p><strong>Chez ONETIK, tout commence avec un lait de qualit\u00e9\u00a0! <\/strong><\/p>\n<p>Nos fromages sont fabriqu\u00e9s \u00e0 partir de lait entier de vache, de ch\u00e8vre et de brebis \u00e9lev\u00e9es dans nos fermes par nos \u00e9leveurs passionn\u00e9s. La qualit\u00e9 de l\u2019\u00e9levage et le bien-\u00eatre animal sont essentiels pour fabriquer un bon fromage\u00a0; c\u2019est ce qui va donner au lait sa qualit\u00e9 et \u00e0 nos fromages son excellence.<\/p>\n","protected":false},"excerpt":{"rendered":"<p>Chez ONETIK, tout commence avec un lait de qualit\u00e9\u00a0! Nos fromages sont fabriqu\u00e9s \u00e0 partir de lait entier de vache, [&hellip;]<\/p>\n","protected":false},"author":1,"featured_media":13105,"parent":0,"menu_order":0,"comment_status":"closed","ping_status":"closed","template":"page-template\/metiers.php","meta":{"_acf_changed":false,"footnotes":""},"class_list":["post-54","page","type-page","status-publish","has-post-thumbnail","hentry"],"acf":[],"yoast_head":"<!-- This site is optimized with the Yoast SEO plugin v27.2 - https:\/\/yoast.com\/product\/yoast-seo-wordpress\/ -->\n<title>Les Fromages Basques - Pyr\u00e9n\u00e9es - Onetik<\/title>\n<meta name=\"description\" content=\"La fromagerie de Macaye est fi\u00e8re de vous pr\u00e9senter sa gamme de fromages au lait de brebis, de vaches et de ch\u00e8vre mais aussi aux laits de m\u00e9lange.\" \/>\n<meta name=\"robots\" content=\"index, follow, max-snippet:-1, max-image-preview:large, max-video-preview:-1\" \/>\n<link rel=\"canonical\" href=\"https:\/\/www.onetik.com\/fr\/notre-gamme\/\" \/>\n<meta property=\"og:locale\" content=\"fr_FR\" \/>\n<meta property=\"og:type\" content=\"article\" \/>\n<meta property=\"og:title\" content=\"Les Fromages Basques - Pyr\u00e9n\u00e9es - Onetik\" \/>\n<meta property=\"og:description\" content=\"La fromagerie de Macaye est fi\u00e8re de vous pr\u00e9senter sa gamme de fromages au lait de brebis, de vaches et de ch\u00e8vre mais aussi aux laits de m\u00e9lange.\" \/>\n<meta property=\"og:url\" content=\"https:\/\/www.onetik.com\/fr\/notre-gamme\/\" \/>\n<meta property=\"og:site_name\" content=\"Onetik\" \/>\n<meta property=\"article:modified_time\" content=\"2023-02-28T14:24:30+00:00\" \/>\n<meta property=\"og:image\" content=\"https:\/\/www.onetik.com\/wp-content\/uploads\/2018\/12\/6-2-1024x727.jpg\" \/>\n\t<meta property=\"og:image:width\" content=\"1024\" \/>\n\t<meta property=\"og:image:height\" content=\"727\" \/>\n\t<meta property=\"og:image:type\" content=\"image\/jpeg\" \/>\n<meta name=\"twitter:card\" content=\"summary_large_image\" \/>\n<meta name=\"twitter:label1\" content=\"Dur\u00e9e de lecture estim\u00e9e\" \/>\n\t<meta name=\"twitter:data1\" content=\"1 minute\" \/>\n<script type=\"application\/ld+json\" class=\"yoast-schema-graph\">{\"@context\":\"https:\/\/schema.org\",\"@graph\":[{\"@type\":\"WebPage\",\"@id\":\"https:\/\/www.onetik.com\/fr\/notre-gamme\/\",\"url\":\"https:\/\/www.onetik.com\/fr\/notre-gamme\/\",\"name\":\"Les Fromages Basques - Pyr\u00e9n\u00e9es - Onetik\",\"isPartOf\":{\"@id\":\"https:\/\/www.onetik.com\/fr\/#website\"},\"primaryImageOfPage\":{\"@id\":\"https:\/\/www.onetik.com\/fr\/notre-gamme\/#primaryimage\"},\"image\":{\"@id\":\"https:\/\/www.onetik.com\/fr\/notre-gamme\/#primaryimage\"},\"thumbnailUrl\":\"https:\/\/www.onetik.com\/wp-content\/uploads\/2018\/12\/6-2.jpg\",\"datePublished\":\"2014-06-24T13:54:41+00:00\",\"dateModified\":\"2023-02-28T14:24:30+00:00\",\"description\":\"La fromagerie de Macaye est fi\u00e8re de vous pr\u00e9senter sa gamme de fromages au lait de brebis, de vaches et de ch\u00e8vre mais aussi aux laits de m\u00e9lange.\",\"breadcrumb\":{\"@id\":\"https:\/\/www.onetik.com\/fr\/notre-gamme\/#breadcrumb\"},\"inLanguage\":\"fr-FR\",\"potentialAction\":[{\"@type\":\"ReadAction\",\"target\":[\"https:\/\/www.onetik.com\/fr\/notre-gamme\/\"]}]},{\"@type\":\"ImageObject\",\"inLanguage\":\"fr-FR\",\"@id\":\"https:\/\/www.onetik.com\/fr\/notre-gamme\/#primaryimage\",\"url\":\"https:\/\/www.onetik.com\/wp-content\/uploads\/2018\/12\/6-2.jpg\",\"contentUrl\":\"https:\/\/www.onetik.com\/wp-content\/uploads\/2018\/12\/6-2.jpg\",\"width\":5297,\"height\":3761,\"caption\":\"Notre gamme\"},{\"@type\":\"BreadcrumbList\",\"@id\":\"https:\/\/www.onetik.com\/fr\/notre-gamme\/#breadcrumb\",\"itemListElement\":[{\"@type\":\"ListItem\",\"position\":1,\"name\":\"Accueil\",\"item\":\"https:\/\/www.onetik.com\/fr\/\"},{\"@type\":\"ListItem\",\"position\":2,\"name\":\"Notre gamme\"}]},{\"@type\":\"WebSite\",\"@id\":\"https:\/\/www.onetik.com\/fr\/#website\",\"url\":\"https:\/\/www.onetik.com\/fr\/\",\"name\":\"Onetik\",\"description\":\"La Fromagerie du Pays Basque\",\"potentialAction\":[{\"@type\":\"SearchAction\",\"target\":{\"@type\":\"EntryPoint\",\"urlTemplate\":\"https:\/\/www.onetik.com\/fr\/?s={search_term_string}\"},\"query-input\":{\"@type\":\"PropertyValueSpecification\",\"valueRequired\":true,\"valueName\":\"search_term_string\"}}],\"inLanguage\":\"fr-FR\"}]}<\/script>\n<!-- \/ Yoast SEO plugin. -->","yoast_head_json":{"title":"Les Fromages Basques - Pyr\u00e9n\u00e9es - Onetik","description":"La fromagerie de Macaye est fi\u00e8re de vous pr\u00e9senter sa gamme de fromages au lait de brebis, de vaches et de ch\u00e8vre mais aussi aux laits de m\u00e9lange.","robots":{"index":"index","follow":"follow","max-snippet":"max-snippet:-1","max-image-preview":"max-image-preview:large","max-video-preview":"max-video-preview:-1"},"canonical":"https:\/\/www.onetik.com\/fr\/notre-gamme\/","og_locale":"fr_FR","og_type":"article","og_title":"Les Fromages Basques - Pyr\u00e9n\u00e9es - Onetik","og_description":"La fromagerie de Macaye est fi\u00e8re de vous pr\u00e9senter sa gamme de fromages au lait de brebis, de vaches et de ch\u00e8vre mais aussi aux laits de m\u00e9lange.","og_url":"https:\/\/www.onetik.com\/fr\/notre-gamme\/","og_site_name":"Onetik","article_modified_time":"2023-02-28T14:24:30+00:00","og_image":[{"width":1024,"height":727,"url":"https:\/\/www.onetik.com\/wp-content\/uploads\/2018\/12\/6-2-1024x727.jpg","type":"image\/jpeg"}],"twitter_card":"summary_large_image","twitter_misc":{"Dur\u00e9e de lecture estim\u00e9e":"1 minute"},"schema":{"@context":"https:\/\/schema.org","@graph":[{"@type":"WebPage","@id":"https:\/\/www.onetik.com\/fr\/notre-gamme\/","url":"https:\/\/www.onetik.com\/fr\/notre-gamme\/","name":"Les Fromages Basques - Pyr\u00e9n\u00e9es - Onetik","isPartOf":{"@id":"https:\/\/www.onetik.com\/fr\/#website"},"primaryImageOfPage":{"@id":"https:\/\/www.onetik.com\/fr\/notre-gamme\/#primaryimage"},"image":{"@id":"https:\/\/www.onetik.com\/fr\/notre-gamme\/#primaryimage"},"thumbnailUrl":"https:\/\/www.onetik.com\/wp-content\/uploads\/2018\/12\/6-2.jpg","datePublished":"2014-06-24T13:54:41+00:00","dateModified":"2023-02-28T14:24:30+00:00","description":"La fromagerie de Macaye est fi\u00e8re de vous pr\u00e9senter sa gamme de fromages au lait de brebis, de vaches et de ch\u00e8vre mais aussi aux laits de m\u00e9lange.","breadcrumb":{"@id":"https:\/\/www.onetik.com\/fr\/notre-gamme\/#breadcrumb"},"inLanguage":"fr-FR","potentialAction":[{"@type":"ReadAction","target":["https:\/\/www.onetik.com\/fr\/notre-gamme\/"]}]},{"@type":"ImageObject","inLanguage":"fr-FR","@id":"https:\/\/www.onetik.com\/fr\/notre-gamme\/#primaryimage","url":"https:\/\/www.onetik.com\/wp-content\/uploads\/2018\/12\/6-2.jpg","contentUrl":"https:\/\/www.onetik.com\/wp-content\/uploads\/2018\/12\/6-2.jpg","width":5297,"height":3761,"caption":"Notre gamme"},{"@type":"BreadcrumbList","@id":"https:\/\/www.onetik.com\/fr\/notre-gamme\/#breadcrumb","itemListElement":[{"@type":"ListItem","position":1,"name":"Accueil","item":"https:\/\/www.onetik.com\/fr\/"},{"@type":"ListItem","position":2,"name":"Notre gamme"}]},{"@type":"WebSite","@id":"https:\/\/www.onetik.com\/fr\/#website","url":"https:\/\/www.onetik.com\/fr\/","name":"Onetik","description":"La Fromagerie du Pays Basque","potentialAction":[{"@type":"SearchAction","target":{"@type":"EntryPoint","urlTemplate":"https:\/\/www.onetik.com\/fr\/?s={search_term_string}"},"query-input":{"@type":"PropertyValueSpecification","valueRequired":true,"valueName":"search_term_string"}}],"inLanguage":"fr-FR"}]}},"_links":{"self":[{"href":"https:\/\/www.onetik.com\/fr\/wp-json\/wp\/v2\/pages\/54","targetHints":{"allow":["GET"]}}],"collection":[{"href":"https:\/\/www.onetik.com\/fr\/wp-json\/wp\/v2\/pages"}],"about":[{"href":"https:\/\/www.onetik.com\/fr\/wp-json\/wp\/v2\/types\/page"}],"author":[{"embeddable":true,"href":"https:\/\/www.onetik.com\/fr\/wp-json\/wp\/v2\/users\/1"}],"replies":[{"embeddable":true,"href":"https:\/\/www.onetik.com\/fr\/wp-json\/wp\/v2\/comments?post=54"}],"version-history":[{"count":7,"href":"https:\/\/www.onetik.com\/fr\/wp-json\/wp\/v2\/pages\/54\/revisions"}],"predecessor-version":[{"id":14982,"href":"https:\/\/www.onetik.com\/fr\/wp-json\/wp\/v2\/pages\/54\/revisions\/14982"}],"wp:featuredmedia":[{"embeddable":true,"href":"https:\/\/www.onetik.com\/fr\/wp-json\/wp\/v2\/media\/13105"}],"wp:attachment":[{"href":"https:\/\/www.onetik.com\/fr\/wp-json\/wp\/v2\/media?parent=54"}],"curies":[{"name":"wp","href":"https:\/\/api.w.org\/{rel}","templated":true}]}}