{"id":5,"date":"2018-12-05T14:41:52","date_gmt":"2018-12-05T14:41:52","guid":{"rendered":"http:\/\/www.onetik.com\/?page_id=5"},"modified":"2026-02-23T09:37:43","modified_gmt":"2026-02-23T09:37:43","slug":"histoire","status":"publish","type":"page","link":"https:\/\/www.onetik.com\/fr\/fromagerie\/histoire\/","title":{"rendered":"Notre histoire"},"content":{"rendered":"<p style=\"text-align: justify;\"><img loading=\"lazy\" decoding=\"async\" class=\"alignright wp-image-64\" src=\"http:\/\/www.onetik.com\/wp-content\/uploads\/2014\/06\/main-baton-berger-traditionnel.jpg\" alt=\"main b\u00e2ton berger traditionnel\" width=\"286\" height=\"430\" srcset=\"https:\/\/www.onetik.com\/wp-content\/uploads\/2014\/06\/main-baton-berger-traditionnel.jpg 241w, https:\/\/www.onetik.com\/wp-content\/uploads\/2014\/06\/main-baton-berger-traditionnel-199x300.jpg 199w\" sizes=\"auto, (max-width: 286px) 100vw, 286px\" \/>Depuis <strong>42 ans<\/strong> notre fromagerie ONETIK \u00e9labore dans le plus grand respect de la tradition, de merveilleux fromages basques, authentiques et savoureux.<\/p>\n<p style=\"text-align: justify;\">Situ\u00e9e \u00e0 Macaye, petit village du Pays Basque, nous collectons le lait de plus de 200 fermes :<\/p>\n<ul>\n<li><strong>131<\/strong> producteurs de lait de Brebis<\/li>\n<li><strong>53<\/strong> producteurs de lait de vache<\/li>\n<li><strong>16<\/strong> producteurs de lait de ch\u00e8vre<\/li>\n<\/ul>\n<p>de la r\u00e9gion Pyr\u00e9n\u00e9es soit au total plus de <strong>28 millions de litres de lait<\/strong>.<\/p>\n<p>Certaines exploitations sont dans des zones recul\u00e9es mais Onetik \u0153uvre pour la sauvegarde de l\u2019agropastoralisme en y maintenant la collecte laiti\u00e8re.<\/p>\n<p>Nous transformons ce lait, dans nos ateliers, en une gamme compl\u00e8te de fromages au lait de brebis (dont l\u2019AOP Ossau-Iraty), de vache et de ch\u00e8vre.<\/p>\n<p style=\"text-align: justify;\">Dans nos fromages au go\u00fbt unique, c\u2019est toute la richesse et la diversit\u00e9 des paysages et des caract\u00e8res basques qui s\u2019expriment.<\/p>\n<p>&nbsp;<\/p>\n<p>&nbsp;<\/p>\n<h2 style=\"text-align: center;\"><span style=\"color: #993300;\"><strong>D\u00e9couvrez comment nous collectons le lait de nos producteurs <\/strong><\/span><span style=\"color: #993300;\"><strong>au c\u0153ur du Pays Basque \u00e0 travers cette vid\u00e9o.<\/strong><\/span><\/h2>\n<p style=\"text-align: center;\"><iframe loading=\"lazy\" src=\"https:\/\/www.youtube.com\/embed\/F4iFANJQR5A\" width=\"560\" height=\"315\" frameborder=\"0\" allowfullscreen=\"allowfullscreen\"><\/iframe><\/p>\n<h2 style=\"text-align: center;\"><\/h2>\n<div><\/div>\n<div><\/div>\n<div><\/div>\n<div><\/div>\n<div><\/div>\n<div><\/div>\n","protected":false},"excerpt":{"rendered":"<p>Depuis 42 ans notre fromagerie ONETIK \u00e9labore dans le plus grand respect de la tradition, de merveilleux fromages basques, authentiques [&hellip;]<\/p>\n","protected":false},"author":1,"featured_media":15001,"parent":56,"menu_order":1,"comment_status":"closed","ping_status":"closed","template":"page-template\/histoire.php","meta":{"_acf_changed":false,"footnotes":""},"class_list":["post-5","page","type-page","status-publish","has-post-thumbnail","hentry"],"acf":[],"yoast_head":"<!-- This site is optimized with the Yoast SEO plugin v27.2 - https:\/\/yoast.com\/product\/yoast-seo-wordpress\/ -->\n<title>L&#039;histoire de la fromagerie - Onetik<\/title>\n<meta name=\"description\" content=\"L&#039;histoire de la fromagerie Onetik vous int\u00e9resse ? Retrouvez toutes les informations et les dates cl\u00e9s, de sa cr\u00e9ation jusqu&#039;\u00e0 aujourd&#039;hui !\" \/>\n<meta name=\"robots\" content=\"index, follow, max-snippet:-1, max-image-preview:large, max-video-preview:-1\" \/>\n<link rel=\"canonical\" href=\"https:\/\/www.onetik.com\/fr\/fromagerie\/histoire\/\" \/>\n<meta property=\"og:locale\" content=\"fr_FR\" \/>\n<meta property=\"og:type\" content=\"article\" \/>\n<meta property=\"og:title\" content=\"L&#039;histoire de la fromagerie - Onetik\" \/>\n<meta property=\"og:description\" content=\"L&#039;histoire de la fromagerie Onetik vous int\u00e9resse ? Retrouvez toutes les informations et les dates cl\u00e9s, de sa cr\u00e9ation jusqu&#039;\u00e0 aujourd&#039;hui !\" \/>\n<meta property=\"og:url\" content=\"https:\/\/www.onetik.com\/fr\/fromagerie\/histoire\/\" \/>\n<meta property=\"og:site_name\" content=\"Onetik\" \/>\n<meta property=\"article:modified_time\" content=\"2026-02-23T09:37:43+00:00\" \/>\n<meta property=\"og:image\" content=\"https:\/\/www.onetik.com\/wp-content\/uploads\/2023\/02\/DSC_0085-copie-rotated.jpg\" \/>\n\t<meta property=\"og:image:width\" content=\"524\" \/>\n\t<meta property=\"og:image:height\" content=\"800\" \/>\n\t<meta property=\"og:image:type\" content=\"image\/jpeg\" \/>\n<meta name=\"twitter:card\" content=\"summary_large_image\" \/>\n<meta name=\"twitter:label1\" content=\"Dur\u00e9e de lecture estim\u00e9e\" \/>\n\t<meta name=\"twitter:data1\" content=\"2 minutes\" \/>\n<script type=\"application\/ld+json\" class=\"yoast-schema-graph\">{\"@context\":\"https:\/\/schema.org\",\"@graph\":[{\"@type\":\"WebPage\",\"@id\":\"https:\/\/www.onetik.com\/fr\/fromagerie\/histoire\/\",\"url\":\"https:\/\/www.onetik.com\/fr\/fromagerie\/histoire\/\",\"name\":\"L'histoire de la fromagerie - Onetik\",\"isPartOf\":{\"@id\":\"https:\/\/www.onetik.com\/fr\/#website\"},\"primaryImageOfPage\":{\"@id\":\"https:\/\/www.onetik.com\/fr\/fromagerie\/histoire\/#primaryimage\"},\"image\":{\"@id\":\"https:\/\/www.onetik.com\/fr\/fromagerie\/histoire\/#primaryimage\"},\"thumbnailUrl\":\"https:\/\/www.onetik.com\/wp-content\/uploads\/2023\/02\/DSC_0085-copie-rotated.jpg\",\"datePublished\":\"2018-12-05T14:41:52+00:00\",\"dateModified\":\"2026-02-23T09:37:43+00:00\",\"description\":\"L'histoire de la fromagerie Onetik vous int\u00e9resse ? Retrouvez toutes les informations et les dates cl\u00e9s, de sa cr\u00e9ation jusqu'\u00e0 aujourd'hui !\",\"breadcrumb\":{\"@id\":\"https:\/\/www.onetik.com\/fr\/fromagerie\/histoire\/#breadcrumb\"},\"inLanguage\":\"fr-FR\",\"potentialAction\":[{\"@type\":\"ReadAction\",\"target\":[\"https:\/\/www.onetik.com\/fr\/fromagerie\/histoire\/\"]}]},{\"@type\":\"ImageObject\",\"inLanguage\":\"fr-FR\",\"@id\":\"https:\/\/www.onetik.com\/fr\/fromagerie\/histoire\/#primaryimage\",\"url\":\"https:\/\/www.onetik.com\/wp-content\/uploads\/2023\/02\/DSC_0085-copie-rotated.jpg\",\"contentUrl\":\"https:\/\/www.onetik.com\/wp-content\/uploads\/2023\/02\/DSC_0085-copie-rotated.jpg\",\"width\":524,\"height\":800},{\"@type\":\"BreadcrumbList\",\"@id\":\"https:\/\/www.onetik.com\/fr\/fromagerie\/histoire\/#breadcrumb\",\"itemListElement\":[{\"@type\":\"ListItem\",\"position\":1,\"name\":\"Accueil\",\"item\":\"https:\/\/www.onetik.com\/fr\/\"},{\"@type\":\"ListItem\",\"position\":2,\"name\":\"La fromagerie\",\"item\":\"https:\/\/www.onetik.com\/fr\/fromagerie\/\"},{\"@type\":\"ListItem\",\"position\":3,\"name\":\"Notre histoire\"}]},{\"@type\":\"WebSite\",\"@id\":\"https:\/\/www.onetik.com\/fr\/#website\",\"url\":\"https:\/\/www.onetik.com\/fr\/\",\"name\":\"Onetik\",\"description\":\"La Fromagerie du Pays Basque\",\"potentialAction\":[{\"@type\":\"SearchAction\",\"target\":{\"@type\":\"EntryPoint\",\"urlTemplate\":\"https:\/\/www.onetik.com\/fr\/?s={search_term_string}\"},\"query-input\":{\"@type\":\"PropertyValueSpecification\",\"valueRequired\":true,\"valueName\":\"search_term_string\"}}],\"inLanguage\":\"fr-FR\"}]}<\/script>\n<!-- \/ Yoast SEO plugin. -->","yoast_head_json":{"title":"L'histoire de la fromagerie - Onetik","description":"L'histoire de la fromagerie Onetik vous int\u00e9resse ? Retrouvez toutes les informations et les dates cl\u00e9s, de sa cr\u00e9ation jusqu'\u00e0 aujourd'hui !","robots":{"index":"index","follow":"follow","max-snippet":"max-snippet:-1","max-image-preview":"max-image-preview:large","max-video-preview":"max-video-preview:-1"},"canonical":"https:\/\/www.onetik.com\/fr\/fromagerie\/histoire\/","og_locale":"fr_FR","og_type":"article","og_title":"L'histoire de la fromagerie - Onetik","og_description":"L'histoire de la fromagerie Onetik vous int\u00e9resse ? Retrouvez toutes les informations et les dates cl\u00e9s, de sa cr\u00e9ation jusqu'\u00e0 aujourd'hui !","og_url":"https:\/\/www.onetik.com\/fr\/fromagerie\/histoire\/","og_site_name":"Onetik","article_modified_time":"2026-02-23T09:37:43+00:00","og_image":[{"width":524,"height":800,"url":"https:\/\/www.onetik.com\/wp-content\/uploads\/2023\/02\/DSC_0085-copie-rotated.jpg","type":"image\/jpeg"}],"twitter_card":"summary_large_image","twitter_misc":{"Dur\u00e9e de lecture estim\u00e9e":"2 minutes"},"schema":{"@context":"https:\/\/schema.org","@graph":[{"@type":"WebPage","@id":"https:\/\/www.onetik.com\/fr\/fromagerie\/histoire\/","url":"https:\/\/www.onetik.com\/fr\/fromagerie\/histoire\/","name":"L'histoire de la fromagerie - Onetik","isPartOf":{"@id":"https:\/\/www.onetik.com\/fr\/#website"},"primaryImageOfPage":{"@id":"https:\/\/www.onetik.com\/fr\/fromagerie\/histoire\/#primaryimage"},"image":{"@id":"https:\/\/www.onetik.com\/fr\/fromagerie\/histoire\/#primaryimage"},"thumbnailUrl":"https:\/\/www.onetik.com\/wp-content\/uploads\/2023\/02\/DSC_0085-copie-rotated.jpg","datePublished":"2018-12-05T14:41:52+00:00","dateModified":"2026-02-23T09:37:43+00:00","description":"L'histoire de la fromagerie Onetik vous int\u00e9resse ? Retrouvez toutes les informations et les dates cl\u00e9s, de sa cr\u00e9ation jusqu'\u00e0 aujourd'hui !","breadcrumb":{"@id":"https:\/\/www.onetik.com\/fr\/fromagerie\/histoire\/#breadcrumb"},"inLanguage":"fr-FR","potentialAction":[{"@type":"ReadAction","target":["https:\/\/www.onetik.com\/fr\/fromagerie\/histoire\/"]}]},{"@type":"ImageObject","inLanguage":"fr-FR","@id":"https:\/\/www.onetik.com\/fr\/fromagerie\/histoire\/#primaryimage","url":"https:\/\/www.onetik.com\/wp-content\/uploads\/2023\/02\/DSC_0085-copie-rotated.jpg","contentUrl":"https:\/\/www.onetik.com\/wp-content\/uploads\/2023\/02\/DSC_0085-copie-rotated.jpg","width":524,"height":800},{"@type":"BreadcrumbList","@id":"https:\/\/www.onetik.com\/fr\/fromagerie\/histoire\/#breadcrumb","itemListElement":[{"@type":"ListItem","position":1,"name":"Accueil","item":"https:\/\/www.onetik.com\/fr\/"},{"@type":"ListItem","position":2,"name":"La fromagerie","item":"https:\/\/www.onetik.com\/fr\/fromagerie\/"},{"@type":"ListItem","position":3,"name":"Notre histoire"}]},{"@type":"WebSite","@id":"https:\/\/www.onetik.com\/fr\/#website","url":"https:\/\/www.onetik.com\/fr\/","name":"Onetik","description":"La Fromagerie du Pays Basque","potentialAction":[{"@type":"SearchAction","target":{"@type":"EntryPoint","urlTemplate":"https:\/\/www.onetik.com\/fr\/?s={search_term_string}"},"query-input":{"@type":"PropertyValueSpecification","valueRequired":true,"valueName":"search_term_string"}}],"inLanguage":"fr-FR"}]}},"_links":{"self":[{"href":"https:\/\/www.onetik.com\/fr\/wp-json\/wp\/v2\/pages\/5","targetHints":{"allow":["GET"]}}],"collection":[{"href":"https:\/\/www.onetik.com\/fr\/wp-json\/wp\/v2\/pages"}],"about":[{"href":"https:\/\/www.onetik.com\/fr\/wp-json\/wp\/v2\/types\/page"}],"author":[{"embeddable":true,"href":"https:\/\/www.onetik.com\/fr\/wp-json\/wp\/v2\/users\/1"}],"replies":[{"embeddable":true,"href":"https:\/\/www.onetik.com\/fr\/wp-json\/wp\/v2\/comments?post=5"}],"version-history":[{"count":55,"href":"https:\/\/www.onetik.com\/fr\/wp-json\/wp\/v2\/pages\/5\/revisions"}],"predecessor-version":[{"id":925625,"href":"https:\/\/www.onetik.com\/fr\/wp-json\/wp\/v2\/pages\/5\/revisions\/925625"}],"up":[{"embeddable":true,"href":"https:\/\/www.onetik.com\/fr\/wp-json\/wp\/v2\/pages\/56"}],"wp:featuredmedia":[{"embeddable":true,"href":"https:\/\/www.onetik.com\/fr\/wp-json\/wp\/v2\/media\/15001"}],"wp:attachment":[{"href":"https:\/\/www.onetik.com\/fr\/wp-json\/wp\/v2\/media?parent=5"}],"curies":[{"name":"wp","href":"https:\/\/api.w.org\/{rel}","templated":true}]}}