{"id":202,"date":"2014-06-30T15:15:23","date_gmt":"2014-06-30T15:15:23","guid":{"rendered":"http:\/\/www.onetik.com\/?page_id=202"},"modified":"2023-02-28T14:56:35","modified_gmt":"2023-02-28T14:56:35","slug":"coupe","status":"publish","type":"page","link":"https:\/\/www.onetik.com\/fr\/notre-gamme\/coupe\/","title":{"rendered":"\u00c0 la coupe"},"content":{"rendered":"<p>Nous r\u00e9alisons aussi des portions, pour plus de renseignements <a title=\"Contactez-nous\" href=\"http:\/\/www.onetik.com\/contact\/\">contactez-nous<\/a> !<\/p>\n","protected":false},"excerpt":{"rendered":"<p>Nous r\u00e9alisons aussi des portions, pour plus de renseignements contactez-nous !<\/p>\n","protected":false},"author":1,"featured_media":15017,"parent":54,"menu_order":2,"comment_status":"closed","ping_status":"closed","template":"page-template\/gamme.php","meta":{"_acf_changed":false,"footnotes":""},"class_list":["post-202","page","type-page","status-publish","has-post-thumbnail","hentry"],"acf":[],"yoast_head":"<!-- This site is optimized with the Yoast SEO plugin v27.2 - https:\/\/yoast.com\/product\/yoast-seo-wordpress\/ -->\n<title>Les fromages \u00e0 la coupe - Onetik<\/title>\n<meta name=\"description\" content=\"Venez d\u00e9couvrir nos fromages Onetik au rayon coupe dans votre supermarch\u00e9 habituel ! Retrouvez toutes nos r\u00e9f\u00e9rences !\" \/>\n<meta name=\"robots\" content=\"index, follow, max-snippet:-1, max-image-preview:large, max-video-preview:-1\" \/>\n<link rel=\"canonical\" href=\"https:\/\/www.onetik.com\/fr\/notre-gamme\/coupe\/\" \/>\n<meta property=\"og:locale\" content=\"fr_FR\" \/>\n<meta property=\"og:type\" content=\"article\" \/>\n<meta property=\"og:title\" content=\"Les fromages \u00e0 la coupe - Onetik\" \/>\n<meta property=\"og:description\" content=\"Venez d\u00e9couvrir nos fromages Onetik au rayon coupe dans votre supermarch\u00e9 habituel ! Retrouvez toutes nos r\u00e9f\u00e9rences !\" \/>\n<meta property=\"og:url\" content=\"https:\/\/www.onetik.com\/fr\/notre-gamme\/coupe\/\" \/>\n<meta property=\"og:site_name\" content=\"Onetik\" \/>\n<meta property=\"article:modified_time\" content=\"2023-02-28T14:56:35+00:00\" \/>\n<meta property=\"og:image\" content=\"https:\/\/www.onetik.com\/wp-content\/uploads\/2023\/02\/TommetteBrebisPiment.jpg\" \/>\n\t<meta property=\"og:image:width\" content=\"2560\" \/>\n\t<meta property=\"og:image:height\" content=\"1706\" \/>\n\t<meta property=\"og:image:type\" content=\"image\/jpeg\" \/>\n<meta name=\"twitter:card\" content=\"summary_large_image\" \/>\n<meta name=\"twitter:label1\" content=\"Dur\u00e9e de lecture estim\u00e9e\" \/>\n\t<meta name=\"twitter:data1\" content=\"1 minute\" \/>\n<script type=\"application\/ld+json\" class=\"yoast-schema-graph\">{\"@context\":\"https:\/\/schema.org\",\"@graph\":[{\"@type\":\"WebPage\",\"@id\":\"https:\/\/www.onetik.com\/fr\/notre-gamme\/coupe\/\",\"url\":\"https:\/\/www.onetik.com\/fr\/notre-gamme\/coupe\/\",\"name\":\"Les fromages \u00e0 la coupe - Onetik\",\"isPartOf\":{\"@id\":\"https:\/\/www.onetik.com\/fr\/#website\"},\"primaryImageOfPage\":{\"@id\":\"https:\/\/www.onetik.com\/fr\/notre-gamme\/coupe\/#primaryimage\"},\"image\":{\"@id\":\"https:\/\/www.onetik.com\/fr\/notre-gamme\/coupe\/#primaryimage\"},\"thumbnailUrl\":\"https:\/\/www.onetik.com\/wp-content\/uploads\/2023\/02\/TommetteBrebisPiment.jpg\",\"datePublished\":\"2014-06-30T15:15:23+00:00\",\"dateModified\":\"2023-02-28T14:56:35+00:00\",\"description\":\"Venez d\u00e9couvrir nos fromages Onetik au rayon coupe dans votre supermarch\u00e9 habituel ! Retrouvez toutes nos r\u00e9f\u00e9rences !\",\"breadcrumb\":{\"@id\":\"https:\/\/www.onetik.com\/fr\/notre-gamme\/coupe\/#breadcrumb\"},\"inLanguage\":\"fr-FR\",\"potentialAction\":[{\"@type\":\"ReadAction\",\"target\":[\"https:\/\/www.onetik.com\/fr\/notre-gamme\/coupe\/\"]}]},{\"@type\":\"ImageObject\",\"inLanguage\":\"fr-FR\",\"@id\":\"https:\/\/www.onetik.com\/fr\/notre-gamme\/coupe\/#primaryimage\",\"url\":\"https:\/\/www.onetik.com\/wp-content\/uploads\/2023\/02\/TommetteBrebisPiment.jpg\",\"contentUrl\":\"https:\/\/www.onetik.com\/wp-content\/uploads\/2023\/02\/TommetteBrebisPiment.jpg\",\"width\":2560,\"height\":1706},{\"@type\":\"BreadcrumbList\",\"@id\":\"https:\/\/www.onetik.com\/fr\/notre-gamme\/coupe\/#breadcrumb\",\"itemListElement\":[{\"@type\":\"ListItem\",\"position\":1,\"name\":\"Accueil\",\"item\":\"https:\/\/www.onetik.com\/fr\/\"},{\"@type\":\"ListItem\",\"position\":2,\"name\":\"Notre gamme\",\"item\":\"https:\/\/www.onetik.com\/fr\/notre-gamme\/\"},{\"@type\":\"ListItem\",\"position\":3,\"name\":\"\u00c0 la coupe\"}]},{\"@type\":\"WebSite\",\"@id\":\"https:\/\/www.onetik.com\/fr\/#website\",\"url\":\"https:\/\/www.onetik.com\/fr\/\",\"name\":\"Onetik\",\"description\":\"La Fromagerie du Pays Basque\",\"potentialAction\":[{\"@type\":\"SearchAction\",\"target\":{\"@type\":\"EntryPoint\",\"urlTemplate\":\"https:\/\/www.onetik.com\/fr\/?s={search_term_string}\"},\"query-input\":{\"@type\":\"PropertyValueSpecification\",\"valueRequired\":true,\"valueName\":\"search_term_string\"}}],\"inLanguage\":\"fr-FR\"}]}<\/script>\n<!-- \/ Yoast SEO plugin. -->","yoast_head_json":{"title":"Les fromages \u00e0 la coupe - Onetik","description":"Venez d\u00e9couvrir nos fromages Onetik au rayon coupe dans votre supermarch\u00e9 habituel ! Retrouvez toutes nos r\u00e9f\u00e9rences !","robots":{"index":"index","follow":"follow","max-snippet":"max-snippet:-1","max-image-preview":"max-image-preview:large","max-video-preview":"max-video-preview:-1"},"canonical":"https:\/\/www.onetik.com\/fr\/notre-gamme\/coupe\/","og_locale":"fr_FR","og_type":"article","og_title":"Les fromages \u00e0 la coupe - Onetik","og_description":"Venez d\u00e9couvrir nos fromages Onetik au rayon coupe dans votre supermarch\u00e9 habituel ! Retrouvez toutes nos r\u00e9f\u00e9rences !","og_url":"https:\/\/www.onetik.com\/fr\/notre-gamme\/coupe\/","og_site_name":"Onetik","article_modified_time":"2023-02-28T14:56:35+00:00","og_image":[{"width":2560,"height":1706,"url":"https:\/\/www.onetik.com\/wp-content\/uploads\/2023\/02\/TommetteBrebisPiment.jpg","type":"image\/jpeg"}],"twitter_card":"summary_large_image","twitter_misc":{"Dur\u00e9e de lecture estim\u00e9e":"1 minute"},"schema":{"@context":"https:\/\/schema.org","@graph":[{"@type":"WebPage","@id":"https:\/\/www.onetik.com\/fr\/notre-gamme\/coupe\/","url":"https:\/\/www.onetik.com\/fr\/notre-gamme\/coupe\/","name":"Les fromages \u00e0 la coupe - Onetik","isPartOf":{"@id":"https:\/\/www.onetik.com\/fr\/#website"},"primaryImageOfPage":{"@id":"https:\/\/www.onetik.com\/fr\/notre-gamme\/coupe\/#primaryimage"},"image":{"@id":"https:\/\/www.onetik.com\/fr\/notre-gamme\/coupe\/#primaryimage"},"thumbnailUrl":"https:\/\/www.onetik.com\/wp-content\/uploads\/2023\/02\/TommetteBrebisPiment.jpg","datePublished":"2014-06-30T15:15:23+00:00","dateModified":"2023-02-28T14:56:35+00:00","description":"Venez d\u00e9couvrir nos fromages Onetik au rayon coupe dans votre supermarch\u00e9 habituel ! Retrouvez toutes nos r\u00e9f\u00e9rences !","breadcrumb":{"@id":"https:\/\/www.onetik.com\/fr\/notre-gamme\/coupe\/#breadcrumb"},"inLanguage":"fr-FR","potentialAction":[{"@type":"ReadAction","target":["https:\/\/www.onetik.com\/fr\/notre-gamme\/coupe\/"]}]},{"@type":"ImageObject","inLanguage":"fr-FR","@id":"https:\/\/www.onetik.com\/fr\/notre-gamme\/coupe\/#primaryimage","url":"https:\/\/www.onetik.com\/wp-content\/uploads\/2023\/02\/TommetteBrebisPiment.jpg","contentUrl":"https:\/\/www.onetik.com\/wp-content\/uploads\/2023\/02\/TommetteBrebisPiment.jpg","width":2560,"height":1706},{"@type":"BreadcrumbList","@id":"https:\/\/www.onetik.com\/fr\/notre-gamme\/coupe\/#breadcrumb","itemListElement":[{"@type":"ListItem","position":1,"name":"Accueil","item":"https:\/\/www.onetik.com\/fr\/"},{"@type":"ListItem","position":2,"name":"Notre gamme","item":"https:\/\/www.onetik.com\/fr\/notre-gamme\/"},{"@type":"ListItem","position":3,"name":"\u00c0 la coupe"}]},{"@type":"WebSite","@id":"https:\/\/www.onetik.com\/fr\/#website","url":"https:\/\/www.onetik.com\/fr\/","name":"Onetik","description":"La Fromagerie du Pays Basque","potentialAction":[{"@type":"SearchAction","target":{"@type":"EntryPoint","urlTemplate":"https:\/\/www.onetik.com\/fr\/?s={search_term_string}"},"query-input":{"@type":"PropertyValueSpecification","valueRequired":true,"valueName":"search_term_string"}}],"inLanguage":"fr-FR"}]}},"_links":{"self":[{"href":"https:\/\/www.onetik.com\/fr\/wp-json\/wp\/v2\/pages\/202","targetHints":{"allow":["GET"]}}],"collection":[{"href":"https:\/\/www.onetik.com\/fr\/wp-json\/wp\/v2\/pages"}],"about":[{"href":"https:\/\/www.onetik.com\/fr\/wp-json\/wp\/v2\/types\/page"}],"author":[{"embeddable":true,"href":"https:\/\/www.onetik.com\/fr\/wp-json\/wp\/v2\/users\/1"}],"replies":[{"embeddable":true,"href":"https:\/\/www.onetik.com\/fr\/wp-json\/wp\/v2\/comments?post=202"}],"version-history":[{"count":18,"href":"https:\/\/www.onetik.com\/fr\/wp-json\/wp\/v2\/pages\/202\/revisions"}],"predecessor-version":[{"id":789,"href":"https:\/\/www.onetik.com\/fr\/wp-json\/wp\/v2\/pages\/202\/revisions\/789"}],"up":[{"embeddable":true,"href":"https:\/\/www.onetik.com\/fr\/wp-json\/wp\/v2\/pages\/54"}],"wp:featuredmedia":[{"embeddable":true,"href":"https:\/\/www.onetik.com\/fr\/wp-json\/wp\/v2\/media\/15017"}],"wp:attachment":[{"href":"https:\/\/www.onetik.com\/fr\/wp-json\/wp\/v2\/media?parent=202"}],"curies":[{"name":"wp","href":"https:\/\/api.w.org\/{rel}","templated":true}]}}