{"id":164,"date":"2014-06-26T16:17:07","date_gmt":"2014-06-26T16:17:07","guid":{"rendered":"http:\/\/www.onetik.com\/?page_id=164"},"modified":"2023-02-28T15:29:48","modified_gmt":"2023-02-28T15:29:48","slug":"degustation","status":"publish","type":"page","link":"https:\/\/www.onetik.com\/fr\/degustation\/","title":{"rendered":"D\u00e9gustation"},"content":{"rendered":"<p style=\"text-align: justify;\">Comme pour la d\u00e9gustation des vins, il y a un protocole pour d\u00e9guster notre plateau de fromages. Pour vous aider \u00e0 mieux marier les go\u00fbts, les odeurs et les ar\u00f4mes, nous vous proposons plusieurs astuces \u00e0 d\u00e9couvrir\u00a0imp\u00e9rativement!<\/p>\n<p style=\"text-align: justify;\">Testez aussi nos recettes \u00e0 base de fromages qui satisferont toute la famille de l\u2019ap\u00e9ritif au dessert\u00a0!<\/p>\n","protected":false},"excerpt":{"rendered":"<p>Comme pour la d\u00e9gustation des vins, il y a un protocole pour d\u00e9guster notre plateau de fromages. Pour vous aider [&hellip;]<\/p>\n","protected":false},"author":1,"featured_media":15068,"parent":0,"menu_order":0,"comment_status":"closed","ping_status":"closed","template":"page-template\/deguster.php","meta":{"_acf_changed":false,"footnotes":""},"class_list":["post-164","page","type-page","status-publish","has-post-thumbnail","hentry"],"acf":[],"yoast_head":"<!-- This site is optimized with the Yoast SEO plugin v27.2 - https:\/\/yoast.com\/product\/yoast-seo-wordpress\/ -->\n<title>D\u00e9gustation de fromages Basques - Onetik<\/title>\n<meta name=\"description\" content=\"Vous aimez les fromages basques Onetik et vous ne savez pas comment les d\u00e9guster ? Retrouvez des recettes et astuces pour mieux les (re)d\u00e9couvrir !\" \/>\n<meta name=\"robots\" content=\"index, follow, max-snippet:-1, max-image-preview:large, max-video-preview:-1\" \/>\n<link rel=\"canonical\" href=\"https:\/\/www.onetik.com\/fr\/degustation\/\" \/>\n<meta property=\"og:locale\" content=\"fr_FR\" \/>\n<meta property=\"og:type\" content=\"article\" \/>\n<meta property=\"og:title\" content=\"D\u00e9gustation de fromages Basques - Onetik\" \/>\n<meta property=\"og:description\" content=\"Vous aimez les fromages basques Onetik et vous ne savez pas comment les d\u00e9guster ? Retrouvez des recettes et astuces pour mieux les (re)d\u00e9couvrir !\" \/>\n<meta property=\"og:url\" content=\"https:\/\/www.onetik.com\/fr\/degustation\/\" \/>\n<meta property=\"og:site_name\" content=\"Onetik\" \/>\n<meta property=\"article:modified_time\" content=\"2023-02-28T15:29:48+00:00\" \/>\n<meta property=\"og:image\" content=\"https:\/\/www.onetik.com\/wp-content\/uploads\/2023\/02\/Ondua_OssauIratyLaitCru-scaled.jpg\" \/>\n\t<meta property=\"og:image:width\" content=\"2560\" \/>\n\t<meta property=\"og:image:height\" content=\"1706\" \/>\n\t<meta property=\"og:image:type\" content=\"image\/jpeg\" \/>\n<meta name=\"twitter:card\" content=\"summary_large_image\" \/>\n<meta name=\"twitter:label1\" content=\"Dur\u00e9e de lecture estim\u00e9e\" \/>\n\t<meta name=\"twitter:data1\" content=\"1 minute\" \/>\n<script type=\"application\/ld+json\" class=\"yoast-schema-graph\">{\"@context\":\"https:\/\/schema.org\",\"@graph\":[{\"@type\":\"WebPage\",\"@id\":\"https:\/\/www.onetik.com\/fr\/degustation\/\",\"url\":\"https:\/\/www.onetik.com\/fr\/degustation\/\",\"name\":\"D\u00e9gustation de fromages Basques - Onetik\",\"isPartOf\":{\"@id\":\"https:\/\/www.onetik.com\/fr\/#website\"},\"primaryImageOfPage\":{\"@id\":\"https:\/\/www.onetik.com\/fr\/degustation\/#primaryimage\"},\"image\":{\"@id\":\"https:\/\/www.onetik.com\/fr\/degustation\/#primaryimage\"},\"thumbnailUrl\":\"https:\/\/www.onetik.com\/wp-content\/uploads\/2023\/02\/Ondua_OssauIratyLaitCru-scaled.jpg\",\"datePublished\":\"2014-06-26T16:17:07+00:00\",\"dateModified\":\"2023-02-28T15:29:48+00:00\",\"description\":\"Vous aimez les fromages basques Onetik et vous ne savez pas comment les d\u00e9guster ? Retrouvez des recettes et astuces pour mieux les (re)d\u00e9couvrir !\",\"breadcrumb\":{\"@id\":\"https:\/\/www.onetik.com\/fr\/degustation\/#breadcrumb\"},\"inLanguage\":\"fr-FR\",\"potentialAction\":[{\"@type\":\"ReadAction\",\"target\":[\"https:\/\/www.onetik.com\/fr\/degustation\/\"]}]},{\"@type\":\"ImageObject\",\"inLanguage\":\"fr-FR\",\"@id\":\"https:\/\/www.onetik.com\/fr\/degustation\/#primaryimage\",\"url\":\"https:\/\/www.onetik.com\/wp-content\/uploads\/2023\/02\/Ondua_OssauIratyLaitCru-scaled.jpg\",\"contentUrl\":\"https:\/\/www.onetik.com\/wp-content\/uploads\/2023\/02\/Ondua_OssauIratyLaitCru-scaled.jpg\",\"width\":2560,\"height\":1706},{\"@type\":\"BreadcrumbList\",\"@id\":\"https:\/\/www.onetik.com\/fr\/degustation\/#breadcrumb\",\"itemListElement\":[{\"@type\":\"ListItem\",\"position\":1,\"name\":\"Accueil\",\"item\":\"https:\/\/www.onetik.com\/fr\/\"},{\"@type\":\"ListItem\",\"position\":2,\"name\":\"D\u00e9gustation\"}]},{\"@type\":\"WebSite\",\"@id\":\"https:\/\/www.onetik.com\/fr\/#website\",\"url\":\"https:\/\/www.onetik.com\/fr\/\",\"name\":\"Onetik\",\"description\":\"La Fromagerie du Pays Basque\",\"potentialAction\":[{\"@type\":\"SearchAction\",\"target\":{\"@type\":\"EntryPoint\",\"urlTemplate\":\"https:\/\/www.onetik.com\/fr\/?s={search_term_string}\"},\"query-input\":{\"@type\":\"PropertyValueSpecification\",\"valueRequired\":true,\"valueName\":\"search_term_string\"}}],\"inLanguage\":\"fr-FR\"}]}<\/script>\n<!-- \/ Yoast SEO plugin. -->","yoast_head_json":{"title":"D\u00e9gustation de fromages Basques - Onetik","description":"Vous aimez les fromages basques Onetik et vous ne savez pas comment les d\u00e9guster ? Retrouvez des recettes et astuces pour mieux les (re)d\u00e9couvrir !","robots":{"index":"index","follow":"follow","max-snippet":"max-snippet:-1","max-image-preview":"max-image-preview:large","max-video-preview":"max-video-preview:-1"},"canonical":"https:\/\/www.onetik.com\/fr\/degustation\/","og_locale":"fr_FR","og_type":"article","og_title":"D\u00e9gustation de fromages Basques - Onetik","og_description":"Vous aimez les fromages basques Onetik et vous ne savez pas comment les d\u00e9guster ? Retrouvez des recettes et astuces pour mieux les (re)d\u00e9couvrir !","og_url":"https:\/\/www.onetik.com\/fr\/degustation\/","og_site_name":"Onetik","article_modified_time":"2023-02-28T15:29:48+00:00","og_image":[{"width":2560,"height":1706,"url":"https:\/\/www.onetik.com\/wp-content\/uploads\/2023\/02\/Ondua_OssauIratyLaitCru-scaled.jpg","type":"image\/jpeg"}],"twitter_card":"summary_large_image","twitter_misc":{"Dur\u00e9e de lecture estim\u00e9e":"1 minute"},"schema":{"@context":"https:\/\/schema.org","@graph":[{"@type":"WebPage","@id":"https:\/\/www.onetik.com\/fr\/degustation\/","url":"https:\/\/www.onetik.com\/fr\/degustation\/","name":"D\u00e9gustation de fromages Basques - Onetik","isPartOf":{"@id":"https:\/\/www.onetik.com\/fr\/#website"},"primaryImageOfPage":{"@id":"https:\/\/www.onetik.com\/fr\/degustation\/#primaryimage"},"image":{"@id":"https:\/\/www.onetik.com\/fr\/degustation\/#primaryimage"},"thumbnailUrl":"https:\/\/www.onetik.com\/wp-content\/uploads\/2023\/02\/Ondua_OssauIratyLaitCru-scaled.jpg","datePublished":"2014-06-26T16:17:07+00:00","dateModified":"2023-02-28T15:29:48+00:00","description":"Vous aimez les fromages basques Onetik et vous ne savez pas comment les d\u00e9guster ? Retrouvez des recettes et astuces pour mieux les (re)d\u00e9couvrir !","breadcrumb":{"@id":"https:\/\/www.onetik.com\/fr\/degustation\/#breadcrumb"},"inLanguage":"fr-FR","potentialAction":[{"@type":"ReadAction","target":["https:\/\/www.onetik.com\/fr\/degustation\/"]}]},{"@type":"ImageObject","inLanguage":"fr-FR","@id":"https:\/\/www.onetik.com\/fr\/degustation\/#primaryimage","url":"https:\/\/www.onetik.com\/wp-content\/uploads\/2023\/02\/Ondua_OssauIratyLaitCru-scaled.jpg","contentUrl":"https:\/\/www.onetik.com\/wp-content\/uploads\/2023\/02\/Ondua_OssauIratyLaitCru-scaled.jpg","width":2560,"height":1706},{"@type":"BreadcrumbList","@id":"https:\/\/www.onetik.com\/fr\/degustation\/#breadcrumb","itemListElement":[{"@type":"ListItem","position":1,"name":"Accueil","item":"https:\/\/www.onetik.com\/fr\/"},{"@type":"ListItem","position":2,"name":"D\u00e9gustation"}]},{"@type":"WebSite","@id":"https:\/\/www.onetik.com\/fr\/#website","url":"https:\/\/www.onetik.com\/fr\/","name":"Onetik","description":"La Fromagerie du Pays Basque","potentialAction":[{"@type":"SearchAction","target":{"@type":"EntryPoint","urlTemplate":"https:\/\/www.onetik.com\/fr\/?s={search_term_string}"},"query-input":{"@type":"PropertyValueSpecification","valueRequired":true,"valueName":"search_term_string"}}],"inLanguage":"fr-FR"}]}},"_links":{"self":[{"href":"https:\/\/www.onetik.com\/fr\/wp-json\/wp\/v2\/pages\/164","targetHints":{"allow":["GET"]}}],"collection":[{"href":"https:\/\/www.onetik.com\/fr\/wp-json\/wp\/v2\/pages"}],"about":[{"href":"https:\/\/www.onetik.com\/fr\/wp-json\/wp\/v2\/types\/page"}],"author":[{"embeddable":true,"href":"https:\/\/www.onetik.com\/fr\/wp-json\/wp\/v2\/users\/1"}],"replies":[{"embeddable":true,"href":"https:\/\/www.onetik.com\/fr\/wp-json\/wp\/v2\/comments?post=164"}],"version-history":[{"count":10,"href":"https:\/\/www.onetik.com\/fr\/wp-json\/wp\/v2\/pages\/164\/revisions"}],"predecessor-version":[{"id":14996,"href":"https:\/\/www.onetik.com\/fr\/wp-json\/wp\/v2\/pages\/164\/revisions\/14996"}],"wp:featuredmedia":[{"embeddable":true,"href":"https:\/\/www.onetik.com\/fr\/wp-json\/wp\/v2\/media\/15068"}],"wp:attachment":[{"href":"https:\/\/www.onetik.com\/fr\/wp-json\/wp\/v2\/media?parent=164"}],"curies":[{"name":"wp","href":"https:\/\/api.w.org\/{rel}","templated":true}]}}