{"id":15,"date":"2014-06-19T14:44:31","date_gmt":"2014-06-19T14:44:31","guid":{"rendered":"http:\/\/www.onetik.com\/?page_id=15"},"modified":"2023-02-28T14:52:36","modified_gmt":"2023-02-28T14:52:36","slug":"valeurs","status":"publish","type":"page","link":"https:\/\/www.onetik.com\/fr\/fromagerie\/valeurs\/","title":{"rendered":"Nos valeurs"},"content":{"rendered":"<h1><strong><a href=\"http:\/\/www.onetik.com\/wp-content\/uploads\/2023\/02\/ONETIK@PierreCarton_101-scaled.jpg\"><img loading=\"lazy\" decoding=\"async\" class=\"wp-image-15011 alignright\" src=\"http:\/\/www.onetik.com\/wp-content\/uploads\/2023\/02\/ONETIK@PierreCarton_101-scaled.jpg\" alt=\"\" width=\"501\" height=\"668\" srcset=\"https:\/\/www.onetik.com\/wp-content\/uploads\/2023\/02\/ONETIK@PierreCarton_101-scaled.jpg 1920w, https:\/\/www.onetik.com\/wp-content\/uploads\/2023\/02\/ONETIK@PierreCarton_101-225x300.jpg 225w, https:\/\/www.onetik.com\/wp-content\/uploads\/2023\/02\/ONETIK@PierreCarton_101-768x1024.jpg 768w, https:\/\/www.onetik.com\/wp-content\/uploads\/2023\/02\/ONETIK@PierreCarton_101-1152x1536.jpg 1152w, https:\/\/www.onetik.com\/wp-content\/uploads\/2023\/02\/ONETIK@PierreCarton_101-1536x2048.jpg 1536w, https:\/\/www.onetik.com\/wp-content\/uploads\/2023\/02\/ONETIK@PierreCarton_101-154x205.jpg 154w, https:\/\/www.onetik.com\/wp-content\/uploads\/2023\/02\/ONETIK@PierreCarton_101-382x509.jpg 382w\" sizes=\"auto, (max-width: 501px) 100vw, 501px\" \/><\/a>Savoir-faire &amp; plaisir des sens<\/strong><\/h1>\n<p style=\"text-align: justify;\">Pour vous proposer les meilleurs fromages, nos \u00e9leveurs prennent soin de leurs animaux pour obtenir le meilleur, c\u2019est-\u00e0-dire un lait basque de qualit\u00e9. Dans un second temps, les hommes et les femmes d\u2019Onetik mettent tout leur savoir-faire dans la transformation du lait en fromage, en travaillant avec passion pour ainsi obtenir des fromages naturels, affin\u00e9s avec le temps et de grande qualit\u00e9 gustative. Chaque fromage est alors unique.<\/p>\n<h1><strong>Fiabilit\u00e9<\/strong><\/h1>\n<p style=\"text-align: justify;\">Onetik r\u00e9alise un vrai suivi de qualit\u00e9 allant de la r\u00e9ception du lait jusqu\u2019\u00e0 la v\u00e9rification durant l\u2019affinage. L\u2019entreprise est \u00e9galement engag\u00e9e dans une d\u00e9marche qualit\u00e9 ainsi que des r\u00e8gles d\u2019hygi\u00e8ne strictes via sa certification IFS (International Food Standard) version 6.<\/p>\n<h1><strong>Tradition<\/strong><\/h1>\n<p style=\"text-align: justify;\">Le fromage basque fait bel et bien parti du patrimoine gastronomique Fran\u00e7ais, c\u2019est pourquoi Onetik cherche \u00e0 perp\u00e9tuer les traditions basques, omnipr\u00e9sentes dans la fromagerie, gr\u00e2ce \u00e0 des comp\u00e9tences locales. En effet, Onetik emploie des personnes de la r\u00e9gion ayant des valeurs communes \u00e0 celle de l\u2019entreprise. L\u2019objectif est de favoriser le dynamisme local.<\/p>\n<h1><strong>Agriculture durable<\/strong><\/h1>\n<p style=\"text-align: justify;\">En travaillant avec des producteurs locaux, Onetik souhaite limiter son impact environnemental et maintenir l\u2019agropastoralisme pour prot\u00e9ger un syst\u00e8me d\u2019\u00e9levage extensif. Pour ainsi pr\u00e9server une terre d\u2019exception et de caract\u00e8re.<\/p>\n","protected":false},"excerpt":{"rendered":"<p>Savoir-faire &amp; plaisir des sens Pour vous proposer les meilleurs fromages, nos \u00e9leveurs prennent soin de leurs animaux pour obtenir [&hellip;]<\/p>\n","protected":false},"author":1,"featured_media":15008,"parent":56,"menu_order":3,"comment_status":"closed","ping_status":"closed","template":"","meta":{"_acf_changed":false,"footnotes":""},"class_list":["post-15","page","type-page","status-publish","has-post-thumbnail","hentry"],"acf":[],"yoast_head":"<!-- This site is optimized with the Yoast SEO plugin v27.2 - https:\/\/yoast.com\/product\/yoast-seo-wordpress\/ -->\n<title>La fabrication du fromage - Les valeurs - Onetik<\/title>\n<meta name=\"description\" content=\"Venez d\u00e9couvrir les valeurs qui sont ch\u00e8res \u00e0 Onetik !\" \/>\n<meta name=\"robots\" content=\"index, follow, max-snippet:-1, max-image-preview:large, max-video-preview:-1\" \/>\n<link rel=\"canonical\" href=\"https:\/\/www.onetik.com\/fr\/fromagerie\/valeurs\/\" \/>\n<meta property=\"og:locale\" content=\"fr_FR\" \/>\n<meta property=\"og:type\" content=\"article\" \/>\n<meta property=\"og:title\" content=\"La fabrication du fromage - Les valeurs - Onetik\" \/>\n<meta property=\"og:description\" content=\"Venez d\u00e9couvrir les valeurs qui sont ch\u00e8res \u00e0 Onetik !\" \/>\n<meta property=\"og:url\" content=\"https:\/\/www.onetik.com\/fr\/fromagerie\/valeurs\/\" \/>\n<meta property=\"og:site_name\" content=\"Onetik\" \/>\n<meta property=\"article:modified_time\" content=\"2023-02-28T14:52:36+00:00\" \/>\n<meta property=\"og:image\" content=\"https:\/\/www.onetik.com\/wp-content\/uploads\/2023\/02\/portrait-famille-producteur-brebis-ONETIK.jpg\" \/>\n\t<meta property=\"og:image:width\" content=\"1875\" \/>\n\t<meta property=\"og:image:height\" content=\"2500\" \/>\n\t<meta property=\"og:image:type\" content=\"image\/jpeg\" \/>\n<meta name=\"twitter:card\" content=\"summary_large_image\" \/>\n<meta name=\"twitter:label1\" content=\"Dur\u00e9e de lecture estim\u00e9e\" \/>\n\t<meta name=\"twitter:data1\" content=\"2 minutes\" \/>\n<script type=\"application\/ld+json\" class=\"yoast-schema-graph\">{\"@context\":\"https:\/\/schema.org\",\"@graph\":[{\"@type\":\"WebPage\",\"@id\":\"https:\/\/www.onetik.com\/fr\/fromagerie\/valeurs\/\",\"url\":\"https:\/\/www.onetik.com\/fr\/fromagerie\/valeurs\/\",\"name\":\"La fabrication du fromage - Les valeurs - Onetik\",\"isPartOf\":{\"@id\":\"https:\/\/www.onetik.com\/fr\/#website\"},\"primaryImageOfPage\":{\"@id\":\"https:\/\/www.onetik.com\/fr\/fromagerie\/valeurs\/#primaryimage\"},\"image\":{\"@id\":\"https:\/\/www.onetik.com\/fr\/fromagerie\/valeurs\/#primaryimage\"},\"thumbnailUrl\":\"https:\/\/www.onetik.com\/wp-content\/uploads\/2023\/02\/portrait-famille-producteur-brebis-ONETIK.jpg\",\"datePublished\":\"2014-06-19T14:44:31+00:00\",\"dateModified\":\"2023-02-28T14:52:36+00:00\",\"description\":\"Venez d\u00e9couvrir les valeurs qui sont ch\u00e8res \u00e0 Onetik !\",\"breadcrumb\":{\"@id\":\"https:\/\/www.onetik.com\/fr\/fromagerie\/valeurs\/#breadcrumb\"},\"inLanguage\":\"fr-FR\",\"potentialAction\":[{\"@type\":\"ReadAction\",\"target\":[\"https:\/\/www.onetik.com\/fr\/fromagerie\/valeurs\/\"]}]},{\"@type\":\"ImageObject\",\"inLanguage\":\"fr-FR\",\"@id\":\"https:\/\/www.onetik.com\/fr\/fromagerie\/valeurs\/#primaryimage\",\"url\":\"https:\/\/www.onetik.com\/wp-content\/uploads\/2023\/02\/portrait-famille-producteur-brebis-ONETIK.jpg\",\"contentUrl\":\"https:\/\/www.onetik.com\/wp-content\/uploads\/2023\/02\/portrait-famille-producteur-brebis-ONETIK.jpg\",\"width\":1875,\"height\":2500,\"caption\":\"www.pierrecarton.com\"},{\"@type\":\"BreadcrumbList\",\"@id\":\"https:\/\/www.onetik.com\/fr\/fromagerie\/valeurs\/#breadcrumb\",\"itemListElement\":[{\"@type\":\"ListItem\",\"position\":1,\"name\":\"Accueil\",\"item\":\"https:\/\/www.onetik.com\/fr\/\"},{\"@type\":\"ListItem\",\"position\":2,\"name\":\"La fromagerie\",\"item\":\"https:\/\/www.onetik.com\/fr\/fromagerie\/\"},{\"@type\":\"ListItem\",\"position\":3,\"name\":\"Nos valeurs\"}]},{\"@type\":\"WebSite\",\"@id\":\"https:\/\/www.onetik.com\/fr\/#website\",\"url\":\"https:\/\/www.onetik.com\/fr\/\",\"name\":\"Onetik\",\"description\":\"La Fromagerie du Pays Basque\",\"potentialAction\":[{\"@type\":\"SearchAction\",\"target\":{\"@type\":\"EntryPoint\",\"urlTemplate\":\"https:\/\/www.onetik.com\/fr\/?s={search_term_string}\"},\"query-input\":{\"@type\":\"PropertyValueSpecification\",\"valueRequired\":true,\"valueName\":\"search_term_string\"}}],\"inLanguage\":\"fr-FR\"}]}<\/script>\n<!-- \/ Yoast SEO plugin. -->","yoast_head_json":{"title":"La fabrication du fromage - Les valeurs - Onetik","description":"Venez d\u00e9couvrir les valeurs qui sont ch\u00e8res \u00e0 Onetik !","robots":{"index":"index","follow":"follow","max-snippet":"max-snippet:-1","max-image-preview":"max-image-preview:large","max-video-preview":"max-video-preview:-1"},"canonical":"https:\/\/www.onetik.com\/fr\/fromagerie\/valeurs\/","og_locale":"fr_FR","og_type":"article","og_title":"La fabrication du fromage - Les valeurs - Onetik","og_description":"Venez d\u00e9couvrir les valeurs qui sont ch\u00e8res \u00e0 Onetik !","og_url":"https:\/\/www.onetik.com\/fr\/fromagerie\/valeurs\/","og_site_name":"Onetik","article_modified_time":"2023-02-28T14:52:36+00:00","og_image":[{"width":1875,"height":2500,"url":"https:\/\/www.onetik.com\/wp-content\/uploads\/2023\/02\/portrait-famille-producteur-brebis-ONETIK.jpg","type":"image\/jpeg"}],"twitter_card":"summary_large_image","twitter_misc":{"Dur\u00e9e de lecture estim\u00e9e":"2 minutes"},"schema":{"@context":"https:\/\/schema.org","@graph":[{"@type":"WebPage","@id":"https:\/\/www.onetik.com\/fr\/fromagerie\/valeurs\/","url":"https:\/\/www.onetik.com\/fr\/fromagerie\/valeurs\/","name":"La fabrication du fromage - Les valeurs - Onetik","isPartOf":{"@id":"https:\/\/www.onetik.com\/fr\/#website"},"primaryImageOfPage":{"@id":"https:\/\/www.onetik.com\/fr\/fromagerie\/valeurs\/#primaryimage"},"image":{"@id":"https:\/\/www.onetik.com\/fr\/fromagerie\/valeurs\/#primaryimage"},"thumbnailUrl":"https:\/\/www.onetik.com\/wp-content\/uploads\/2023\/02\/portrait-famille-producteur-brebis-ONETIK.jpg","datePublished":"2014-06-19T14:44:31+00:00","dateModified":"2023-02-28T14:52:36+00:00","description":"Venez d\u00e9couvrir les valeurs qui sont ch\u00e8res \u00e0 Onetik !","breadcrumb":{"@id":"https:\/\/www.onetik.com\/fr\/fromagerie\/valeurs\/#breadcrumb"},"inLanguage":"fr-FR","potentialAction":[{"@type":"ReadAction","target":["https:\/\/www.onetik.com\/fr\/fromagerie\/valeurs\/"]}]},{"@type":"ImageObject","inLanguage":"fr-FR","@id":"https:\/\/www.onetik.com\/fr\/fromagerie\/valeurs\/#primaryimage","url":"https:\/\/www.onetik.com\/wp-content\/uploads\/2023\/02\/portrait-famille-producteur-brebis-ONETIK.jpg","contentUrl":"https:\/\/www.onetik.com\/wp-content\/uploads\/2023\/02\/portrait-famille-producteur-brebis-ONETIK.jpg","width":1875,"height":2500,"caption":"www.pierrecarton.com"},{"@type":"BreadcrumbList","@id":"https:\/\/www.onetik.com\/fr\/fromagerie\/valeurs\/#breadcrumb","itemListElement":[{"@type":"ListItem","position":1,"name":"Accueil","item":"https:\/\/www.onetik.com\/fr\/"},{"@type":"ListItem","position":2,"name":"La fromagerie","item":"https:\/\/www.onetik.com\/fr\/fromagerie\/"},{"@type":"ListItem","position":3,"name":"Nos valeurs"}]},{"@type":"WebSite","@id":"https:\/\/www.onetik.com\/fr\/#website","url":"https:\/\/www.onetik.com\/fr\/","name":"Onetik","description":"La Fromagerie du Pays Basque","potentialAction":[{"@type":"SearchAction","target":{"@type":"EntryPoint","urlTemplate":"https:\/\/www.onetik.com\/fr\/?s={search_term_string}"},"query-input":{"@type":"PropertyValueSpecification","valueRequired":true,"valueName":"search_term_string"}}],"inLanguage":"fr-FR"}]}},"_links":{"self":[{"href":"https:\/\/www.onetik.com\/fr\/wp-json\/wp\/v2\/pages\/15","targetHints":{"allow":["GET"]}}],"collection":[{"href":"https:\/\/www.onetik.com\/fr\/wp-json\/wp\/v2\/pages"}],"about":[{"href":"https:\/\/www.onetik.com\/fr\/wp-json\/wp\/v2\/types\/page"}],"author":[{"embeddable":true,"href":"https:\/\/www.onetik.com\/fr\/wp-json\/wp\/v2\/users\/1"}],"replies":[{"embeddable":true,"href":"https:\/\/www.onetik.com\/fr\/wp-json\/wp\/v2\/comments?post=15"}],"version-history":[{"count":20,"href":"https:\/\/www.onetik.com\/fr\/wp-json\/wp\/v2\/pages\/15\/revisions"}],"predecessor-version":[{"id":15014,"href":"https:\/\/www.onetik.com\/fr\/wp-json\/wp\/v2\/pages\/15\/revisions\/15014"}],"up":[{"embeddable":true,"href":"https:\/\/www.onetik.com\/fr\/wp-json\/wp\/v2\/pages\/56"}],"wp:featuredmedia":[{"embeddable":true,"href":"https:\/\/www.onetik.com\/fr\/wp-json\/wp\/v2\/media\/15008"}],"wp:attachment":[{"href":"https:\/\/www.onetik.com\/fr\/wp-json\/wp\/v2\/media?parent=15"}],"curies":[{"name":"wp","href":"https:\/\/api.w.org\/{rel}","templated":true}]}}