{"id":14740,"date":"2022-07-25T10:14:21","date_gmt":"2022-07-25T10:14:21","guid":{"rendered":"https:\/\/www.onetik.com\/?page_id=14740"},"modified":"2022-07-25T10:14:35","modified_gmt":"2022-07-25T10:14:35","slug":"les-producteurs-lait-pyrenees","status":"publish","type":"page","link":"https:\/\/www.onetik.com\/fr\/fromagerie\/metiers\/producteur-de-lait\/les-producteurs-lait-pyrenees\/","title":{"rendered":"Les producteurs Lait des Pyr\u00e9n\u00e9es"},"content":{"rendered":"<p><a href=\"http:\/\/www.onetik.com\/wp-content\/uploads\/2022\/07\/Sans-titre-18.png\"><img loading=\"lazy\" decoding=\"async\" class=\"aligncenter wp-image-14741 size-full\" src=\"http:\/\/www.onetik.com\/wp-content\/uploads\/2022\/07\/Sans-titre-18.png\" alt=\"\" width=\"1587\" height=\"2245\" srcset=\"https:\/\/www.onetik.com\/wp-content\/uploads\/2022\/07\/Sans-titre-18.png 1587w, https:\/\/www.onetik.com\/wp-content\/uploads\/2022\/07\/Sans-titre-18-212x300.png 212w, https:\/\/www.onetik.com\/wp-content\/uploads\/2022\/07\/Sans-titre-18-724x1024.png 724w, https:\/\/www.onetik.com\/wp-content\/uploads\/2022\/07\/Sans-titre-18-768x1086.png 768w, https:\/\/www.onetik.com\/wp-content\/uploads\/2022\/07\/Sans-titre-18-1086x1536.png 1086w, https:\/\/www.onetik.com\/wp-content\/uploads\/2022\/07\/Sans-titre-18-1448x2048.png 1448w, https:\/\/www.onetik.com\/wp-content\/uploads\/2022\/07\/Sans-titre-18-382x540.png 382w\" sizes=\"auto, (max-width: 1587px) 100vw, 1587px\" \/><\/a><\/p>\n","protected":false},"excerpt":{"rendered":"","protected":false},"author":2,"featured_media":0,"parent":9,"menu_order":0,"comment_status":"closed","ping_status":"closed","template":"","meta":{"_acf_changed":false,"footnotes":""},"class_list":["post-14740","page","type-page","status-publish","hentry"],"acf":[],"yoast_head":"<!-- This site is optimized with the Yoast SEO plugin v27.2 - https:\/\/yoast.com\/product\/yoast-seo-wordpress\/ -->\n<title>Les producteurs Lait des Pyr\u00e9n\u00e9es - Onetik<\/title>\n<meta name=\"description\" content=\"Retrouvez la liste des fermes pyr\u00e9n\u00e9ennes qui produisent le lait &quot;Lait Pyr\u00e9n\u00e9es&quot; ! Un lait r\u00e9gional 100% pyr\u00e9n\u00e9en !\" \/>\n<meta name=\"robots\" content=\"index, follow, max-snippet:-1, max-image-preview:large, max-video-preview:-1\" \/>\n<link rel=\"canonical\" href=\"https:\/\/www.onetik.com\/fr\/fromagerie\/metiers\/producteur-de-lait\/les-producteurs-lait-pyrenees\/\" \/>\n<meta property=\"og:locale\" content=\"fr_FR\" \/>\n<meta property=\"og:type\" content=\"article\" \/>\n<meta property=\"og:title\" content=\"Les producteurs Lait des Pyr\u00e9n\u00e9es - Onetik\" \/>\n<meta property=\"og:description\" content=\"Retrouvez la liste des fermes pyr\u00e9n\u00e9ennes qui produisent le lait &quot;Lait Pyr\u00e9n\u00e9es&quot; ! Un lait r\u00e9gional 100% pyr\u00e9n\u00e9en !\" \/>\n<meta property=\"og:url\" content=\"https:\/\/www.onetik.com\/fr\/fromagerie\/metiers\/producteur-de-lait\/les-producteurs-lait-pyrenees\/\" \/>\n<meta property=\"og:site_name\" content=\"Onetik\" \/>\n<meta property=\"article:modified_time\" content=\"2022-07-25T10:14:35+00:00\" \/>\n<meta property=\"og:image\" content=\"http:\/\/www.onetik.com\/wp-content\/uploads\/2022\/07\/Sans-titre-18.png\" \/>\n<meta name=\"twitter:card\" content=\"summary_large_image\" \/>\n<meta name=\"twitter:label1\" content=\"Dur\u00e9e de lecture estim\u00e9e\" \/>\n\t<meta name=\"twitter:data1\" content=\"1 minute\" \/>\n<script type=\"application\/ld+json\" class=\"yoast-schema-graph\">{\"@context\":\"https:\/\/schema.org\",\"@graph\":[{\"@type\":\"WebPage\",\"@id\":\"https:\/\/www.onetik.com\/fr\/fromagerie\/metiers\/producteur-de-lait\/les-producteurs-lait-pyrenees\/\",\"url\":\"https:\/\/www.onetik.com\/fr\/fromagerie\/metiers\/producteur-de-lait\/les-producteurs-lait-pyrenees\/\",\"name\":\"Les producteurs Lait des Pyr\u00e9n\u00e9es - Onetik\",\"isPartOf\":{\"@id\":\"https:\/\/www.onetik.com\/fr\/#website\"},\"primaryImageOfPage\":{\"@id\":\"https:\/\/www.onetik.com\/fr\/fromagerie\/metiers\/producteur-de-lait\/les-producteurs-lait-pyrenees\/#primaryimage\"},\"image\":{\"@id\":\"https:\/\/www.onetik.com\/fr\/fromagerie\/metiers\/producteur-de-lait\/les-producteurs-lait-pyrenees\/#primaryimage\"},\"thumbnailUrl\":\"http:\/\/www.onetik.com\/wp-content\/uploads\/2022\/07\/Sans-titre-18.png\",\"datePublished\":\"2022-07-25T10:14:21+00:00\",\"dateModified\":\"2022-07-25T10:14:35+00:00\",\"description\":\"Retrouvez la liste des fermes pyr\u00e9n\u00e9ennes qui produisent le lait \\\"Lait Pyr\u00e9n\u00e9es\\\" ! Un lait r\u00e9gional 100% pyr\u00e9n\u00e9en !\",\"breadcrumb\":{\"@id\":\"https:\/\/www.onetik.com\/fr\/fromagerie\/metiers\/producteur-de-lait\/les-producteurs-lait-pyrenees\/#breadcrumb\"},\"inLanguage\":\"fr-FR\",\"potentialAction\":[{\"@type\":\"ReadAction\",\"target\":[\"https:\/\/www.onetik.com\/fr\/fromagerie\/metiers\/producteur-de-lait\/les-producteurs-lait-pyrenees\/\"]}]},{\"@type\":\"ImageObject\",\"inLanguage\":\"fr-FR\",\"@id\":\"https:\/\/www.onetik.com\/fr\/fromagerie\/metiers\/producteur-de-lait\/les-producteurs-lait-pyrenees\/#primaryimage\",\"url\":\"http:\/\/www.onetik.com\/wp-content\/uploads\/2022\/07\/Sans-titre-18.png\",\"contentUrl\":\"http:\/\/www.onetik.com\/wp-content\/uploads\/2022\/07\/Sans-titre-18.png\"},{\"@type\":\"BreadcrumbList\",\"@id\":\"https:\/\/www.onetik.com\/fr\/fromagerie\/metiers\/producteur-de-lait\/les-producteurs-lait-pyrenees\/#breadcrumb\",\"itemListElement\":[{\"@type\":\"ListItem\",\"position\":1,\"name\":\"Accueil\",\"item\":\"https:\/\/www.onetik.com\/fr\/\"},{\"@type\":\"ListItem\",\"position\":2,\"name\":\"La fromagerie\",\"item\":\"https:\/\/www.onetik.com\/fr\/fromagerie\/\"},{\"@type\":\"ListItem\",\"position\":3,\"name\":\"Des m\u00e9tiers et des hommes\",\"item\":\"https:\/\/www.onetik.com\/fr\/fromagerie\/metiers\/\"},{\"@type\":\"ListItem\",\"position\":4,\"name\":\"Producteur de lait\",\"item\":\"https:\/\/www.onetik.com\/fr\/fromagerie\/metiers\/producteur-de-lait\/\"},{\"@type\":\"ListItem\",\"position\":5,\"name\":\"Les producteurs Lait des Pyr\u00e9n\u00e9es\"}]},{\"@type\":\"WebSite\",\"@id\":\"https:\/\/www.onetik.com\/fr\/#website\",\"url\":\"https:\/\/www.onetik.com\/fr\/\",\"name\":\"Onetik\",\"description\":\"La Fromagerie du Pays Basque\",\"potentialAction\":[{\"@type\":\"SearchAction\",\"target\":{\"@type\":\"EntryPoint\",\"urlTemplate\":\"https:\/\/www.onetik.com\/fr\/?s={search_term_string}\"},\"query-input\":{\"@type\":\"PropertyValueSpecification\",\"valueRequired\":true,\"valueName\":\"search_term_string\"}}],\"inLanguage\":\"fr-FR\"}]}<\/script>\n<!-- \/ Yoast SEO plugin. -->","yoast_head_json":{"title":"Les producteurs Lait des Pyr\u00e9n\u00e9es - Onetik","description":"Retrouvez la liste des fermes pyr\u00e9n\u00e9ennes qui produisent le lait \"Lait Pyr\u00e9n\u00e9es\" ! Un lait r\u00e9gional 100% pyr\u00e9n\u00e9en !","robots":{"index":"index","follow":"follow","max-snippet":"max-snippet:-1","max-image-preview":"max-image-preview:large","max-video-preview":"max-video-preview:-1"},"canonical":"https:\/\/www.onetik.com\/fr\/fromagerie\/metiers\/producteur-de-lait\/les-producteurs-lait-pyrenees\/","og_locale":"fr_FR","og_type":"article","og_title":"Les producteurs Lait des Pyr\u00e9n\u00e9es - Onetik","og_description":"Retrouvez la liste des fermes pyr\u00e9n\u00e9ennes qui produisent le lait \"Lait Pyr\u00e9n\u00e9es\" ! Un lait r\u00e9gional 100% pyr\u00e9n\u00e9en !","og_url":"https:\/\/www.onetik.com\/fr\/fromagerie\/metiers\/producteur-de-lait\/les-producteurs-lait-pyrenees\/","og_site_name":"Onetik","article_modified_time":"2022-07-25T10:14:35+00:00","og_image":[{"url":"http:\/\/www.onetik.com\/wp-content\/uploads\/2022\/07\/Sans-titre-18.png","type":"","width":"","height":""}],"twitter_card":"summary_large_image","twitter_misc":{"Dur\u00e9e de lecture estim\u00e9e":"1 minute"},"schema":{"@context":"https:\/\/schema.org","@graph":[{"@type":"WebPage","@id":"https:\/\/www.onetik.com\/fr\/fromagerie\/metiers\/producteur-de-lait\/les-producteurs-lait-pyrenees\/","url":"https:\/\/www.onetik.com\/fr\/fromagerie\/metiers\/producteur-de-lait\/les-producteurs-lait-pyrenees\/","name":"Les producteurs Lait des Pyr\u00e9n\u00e9es - Onetik","isPartOf":{"@id":"https:\/\/www.onetik.com\/fr\/#website"},"primaryImageOfPage":{"@id":"https:\/\/www.onetik.com\/fr\/fromagerie\/metiers\/producteur-de-lait\/les-producteurs-lait-pyrenees\/#primaryimage"},"image":{"@id":"https:\/\/www.onetik.com\/fr\/fromagerie\/metiers\/producteur-de-lait\/les-producteurs-lait-pyrenees\/#primaryimage"},"thumbnailUrl":"http:\/\/www.onetik.com\/wp-content\/uploads\/2022\/07\/Sans-titre-18.png","datePublished":"2022-07-25T10:14:21+00:00","dateModified":"2022-07-25T10:14:35+00:00","description":"Retrouvez la liste des fermes pyr\u00e9n\u00e9ennes qui produisent le lait \"Lait Pyr\u00e9n\u00e9es\" ! Un lait r\u00e9gional 100% pyr\u00e9n\u00e9en !","breadcrumb":{"@id":"https:\/\/www.onetik.com\/fr\/fromagerie\/metiers\/producteur-de-lait\/les-producteurs-lait-pyrenees\/#breadcrumb"},"inLanguage":"fr-FR","potentialAction":[{"@type":"ReadAction","target":["https:\/\/www.onetik.com\/fr\/fromagerie\/metiers\/producteur-de-lait\/les-producteurs-lait-pyrenees\/"]}]},{"@type":"ImageObject","inLanguage":"fr-FR","@id":"https:\/\/www.onetik.com\/fr\/fromagerie\/metiers\/producteur-de-lait\/les-producteurs-lait-pyrenees\/#primaryimage","url":"http:\/\/www.onetik.com\/wp-content\/uploads\/2022\/07\/Sans-titre-18.png","contentUrl":"http:\/\/www.onetik.com\/wp-content\/uploads\/2022\/07\/Sans-titre-18.png"},{"@type":"BreadcrumbList","@id":"https:\/\/www.onetik.com\/fr\/fromagerie\/metiers\/producteur-de-lait\/les-producteurs-lait-pyrenees\/#breadcrumb","itemListElement":[{"@type":"ListItem","position":1,"name":"Accueil","item":"https:\/\/www.onetik.com\/fr\/"},{"@type":"ListItem","position":2,"name":"La fromagerie","item":"https:\/\/www.onetik.com\/fr\/fromagerie\/"},{"@type":"ListItem","position":3,"name":"Des m\u00e9tiers et des hommes","item":"https:\/\/www.onetik.com\/fr\/fromagerie\/metiers\/"},{"@type":"ListItem","position":4,"name":"Producteur de lait","item":"https:\/\/www.onetik.com\/fr\/fromagerie\/metiers\/producteur-de-lait\/"},{"@type":"ListItem","position":5,"name":"Les producteurs Lait des Pyr\u00e9n\u00e9es"}]},{"@type":"WebSite","@id":"https:\/\/www.onetik.com\/fr\/#website","url":"https:\/\/www.onetik.com\/fr\/","name":"Onetik","description":"La Fromagerie du Pays Basque","potentialAction":[{"@type":"SearchAction","target":{"@type":"EntryPoint","urlTemplate":"https:\/\/www.onetik.com\/fr\/?s={search_term_string}"},"query-input":{"@type":"PropertyValueSpecification","valueRequired":true,"valueName":"search_term_string"}}],"inLanguage":"fr-FR"}]}},"_links":{"self":[{"href":"https:\/\/www.onetik.com\/fr\/wp-json\/wp\/v2\/pages\/14740","targetHints":{"allow":["GET"]}}],"collection":[{"href":"https:\/\/www.onetik.com\/fr\/wp-json\/wp\/v2\/pages"}],"about":[{"href":"https:\/\/www.onetik.com\/fr\/wp-json\/wp\/v2\/types\/page"}],"author":[{"embeddable":true,"href":"https:\/\/www.onetik.com\/fr\/wp-json\/wp\/v2\/users\/2"}],"replies":[{"embeddable":true,"href":"https:\/\/www.onetik.com\/fr\/wp-json\/wp\/v2\/comments?post=14740"}],"version-history":[{"count":1,"href":"https:\/\/www.onetik.com\/fr\/wp-json\/wp\/v2\/pages\/14740\/revisions"}],"predecessor-version":[{"id":14744,"href":"https:\/\/www.onetik.com\/fr\/wp-json\/wp\/v2\/pages\/14740\/revisions\/14744"}],"up":[{"embeddable":true,"href":"https:\/\/www.onetik.com\/fr\/wp-json\/wp\/v2\/pages\/9"}],"wp:attachment":[{"href":"https:\/\/www.onetik.com\/fr\/wp-json\/wp\/v2\/media?parent=14740"}],"curies":[{"name":"wp","href":"https:\/\/api.w.org\/{rel}","templated":true}]}}