{"id":14724,"date":"2022-07-12T13:33:26","date_gmt":"2022-07-12T13:33:26","guid":{"rendered":"https:\/\/www.onetik.com\/?page_id=14724"},"modified":"2022-07-12T13:33:26","modified_gmt":"2022-07-12T13:33:26","slug":"les-producteurs-bearnlait","status":"publish","type":"page","link":"https:\/\/www.onetik.com\/fr\/fromagerie\/metiers\/producteur-de-lait\/les-producteurs-bearnlait\/","title":{"rendered":"Les producteurs B\u00e9arnlait"},"content":{"rendered":"<p><a href=\"http:\/\/www.onetik.com\/wp-content\/uploads\/2022\/07\/Liste-producteurs-Bearnlait-2022.png\"><img loading=\"lazy\" decoding=\"async\" class=\"aligncenter wp-image-14725 size-full\" src=\"http:\/\/www.onetik.com\/wp-content\/uploads\/2022\/07\/Liste-producteurs-Bearnlait-2022.png\" alt=\"\" width=\"1414\" height=\"2000\" srcset=\"https:\/\/www.onetik.com\/wp-content\/uploads\/2022\/07\/Liste-producteurs-Bearnlait-2022.png 1414w, https:\/\/www.onetik.com\/wp-content\/uploads\/2022\/07\/Liste-producteurs-Bearnlait-2022-212x300.png 212w, https:\/\/www.onetik.com\/wp-content\/uploads\/2022\/07\/Liste-producteurs-Bearnlait-2022-724x1024.png 724w, https:\/\/www.onetik.com\/wp-content\/uploads\/2022\/07\/Liste-producteurs-Bearnlait-2022-768x1086.png 768w, https:\/\/www.onetik.com\/wp-content\/uploads\/2022\/07\/Liste-producteurs-Bearnlait-2022-1086x1536.png 1086w, https:\/\/www.onetik.com\/wp-content\/uploads\/2022\/07\/Liste-producteurs-Bearnlait-2022-382x540.png 382w\" sizes=\"auto, (max-width: 1414px) 100vw, 1414px\" \/><\/a><\/p>\n","protected":false},"excerpt":{"rendered":"","protected":false},"author":2,"featured_media":0,"parent":9,"menu_order":0,"comment_status":"closed","ping_status":"closed","template":"","meta":{"_acf_changed":false,"footnotes":""},"class_list":["post-14724","page","type-page","status-publish","hentry"],"acf":[],"yoast_head":"<!-- This site is optimized with the Yoast SEO plugin v27.2 - https:\/\/yoast.com\/product\/yoast-seo-wordpress\/ -->\n<title>Les producteurs B\u00e9arnlait - Onetik<\/title>\n<meta name=\"description\" content=\"Retrouvez la liste des fermes b\u00e9arnaises qui produisent le lait B\u00e9arn-lait ! Un lait r\u00e9gional 100% b\u00e9arnais.\" \/>\n<meta name=\"robots\" content=\"index, follow, max-snippet:-1, max-image-preview:large, max-video-preview:-1\" \/>\n<link rel=\"canonical\" href=\"https:\/\/www.onetik.com\/fr\/fromagerie\/metiers\/producteur-de-lait\/les-producteurs-bearnlait\/\" \/>\n<meta property=\"og:locale\" content=\"fr_FR\" \/>\n<meta property=\"og:type\" content=\"article\" \/>\n<meta property=\"og:title\" content=\"Les producteurs B\u00e9arnlait - Onetik\" \/>\n<meta property=\"og:description\" content=\"Retrouvez la liste des fermes b\u00e9arnaises qui produisent le lait B\u00e9arn-lait ! Un lait r\u00e9gional 100% b\u00e9arnais.\" \/>\n<meta property=\"og:url\" content=\"https:\/\/www.onetik.com\/fr\/fromagerie\/metiers\/producteur-de-lait\/les-producteurs-bearnlait\/\" \/>\n<meta property=\"og:site_name\" content=\"Onetik\" \/>\n<meta property=\"og:image\" content=\"http:\/\/www.onetik.com\/wp-content\/uploads\/2022\/07\/Liste-producteurs-Bearnlait-2022.png\" \/>\n<meta name=\"twitter:card\" content=\"summary_large_image\" \/>\n<script type=\"application\/ld+json\" class=\"yoast-schema-graph\">{\"@context\":\"https:\/\/schema.org\",\"@graph\":[{\"@type\":\"WebPage\",\"@id\":\"https:\/\/www.onetik.com\/fr\/fromagerie\/metiers\/producteur-de-lait\/les-producteurs-bearnlait\/\",\"url\":\"https:\/\/www.onetik.com\/fr\/fromagerie\/metiers\/producteur-de-lait\/les-producteurs-bearnlait\/\",\"name\":\"Les producteurs B\u00e9arnlait - Onetik\",\"isPartOf\":{\"@id\":\"https:\/\/www.onetik.com\/fr\/#website\"},\"primaryImageOfPage\":{\"@id\":\"https:\/\/www.onetik.com\/fr\/fromagerie\/metiers\/producteur-de-lait\/les-producteurs-bearnlait\/#primaryimage\"},\"image\":{\"@id\":\"https:\/\/www.onetik.com\/fr\/fromagerie\/metiers\/producteur-de-lait\/les-producteurs-bearnlait\/#primaryimage\"},\"thumbnailUrl\":\"http:\/\/www.onetik.com\/wp-content\/uploads\/2022\/07\/Liste-producteurs-Bearnlait-2022.png\",\"datePublished\":\"2022-07-12T13:33:26+00:00\",\"description\":\"Retrouvez la liste des fermes b\u00e9arnaises qui produisent le lait B\u00e9arn-lait ! Un lait r\u00e9gional 100% b\u00e9arnais.\",\"breadcrumb\":{\"@id\":\"https:\/\/www.onetik.com\/fr\/fromagerie\/metiers\/producteur-de-lait\/les-producteurs-bearnlait\/#breadcrumb\"},\"inLanguage\":\"fr-FR\",\"potentialAction\":[{\"@type\":\"ReadAction\",\"target\":[\"https:\/\/www.onetik.com\/fr\/fromagerie\/metiers\/producteur-de-lait\/les-producteurs-bearnlait\/\"]}]},{\"@type\":\"ImageObject\",\"inLanguage\":\"fr-FR\",\"@id\":\"https:\/\/www.onetik.com\/fr\/fromagerie\/metiers\/producteur-de-lait\/les-producteurs-bearnlait\/#primaryimage\",\"url\":\"http:\/\/www.onetik.com\/wp-content\/uploads\/2022\/07\/Liste-producteurs-Bearnlait-2022.png\",\"contentUrl\":\"http:\/\/www.onetik.com\/wp-content\/uploads\/2022\/07\/Liste-producteurs-Bearnlait-2022.png\"},{\"@type\":\"BreadcrumbList\",\"@id\":\"https:\/\/www.onetik.com\/fr\/fromagerie\/metiers\/producteur-de-lait\/les-producteurs-bearnlait\/#breadcrumb\",\"itemListElement\":[{\"@type\":\"ListItem\",\"position\":1,\"name\":\"Accueil\",\"item\":\"https:\/\/www.onetik.com\/fr\/\"},{\"@type\":\"ListItem\",\"position\":2,\"name\":\"La fromagerie\",\"item\":\"https:\/\/www.onetik.com\/fr\/fromagerie\/\"},{\"@type\":\"ListItem\",\"position\":3,\"name\":\"Des m\u00e9tiers et des hommes\",\"item\":\"https:\/\/www.onetik.com\/fr\/fromagerie\/metiers\/\"},{\"@type\":\"ListItem\",\"position\":4,\"name\":\"Producteur de lait\",\"item\":\"https:\/\/www.onetik.com\/fr\/fromagerie\/metiers\/producteur-de-lait\/\"},{\"@type\":\"ListItem\",\"position\":5,\"name\":\"Les producteurs B\u00e9arnlait\"}]},{\"@type\":\"WebSite\",\"@id\":\"https:\/\/www.onetik.com\/fr\/#website\",\"url\":\"https:\/\/www.onetik.com\/fr\/\",\"name\":\"Onetik\",\"description\":\"La Fromagerie du Pays Basque\",\"potentialAction\":[{\"@type\":\"SearchAction\",\"target\":{\"@type\":\"EntryPoint\",\"urlTemplate\":\"https:\/\/www.onetik.com\/fr\/?s={search_term_string}\"},\"query-input\":{\"@type\":\"PropertyValueSpecification\",\"valueRequired\":true,\"valueName\":\"search_term_string\"}}],\"inLanguage\":\"fr-FR\"}]}<\/script>\n<!-- \/ Yoast SEO plugin. -->","yoast_head_json":{"title":"Les producteurs B\u00e9arnlait - Onetik","description":"Retrouvez la liste des fermes b\u00e9arnaises qui produisent le lait B\u00e9arn-lait ! Un lait r\u00e9gional 100% b\u00e9arnais.","robots":{"index":"index","follow":"follow","max-snippet":"max-snippet:-1","max-image-preview":"max-image-preview:large","max-video-preview":"max-video-preview:-1"},"canonical":"https:\/\/www.onetik.com\/fr\/fromagerie\/metiers\/producteur-de-lait\/les-producteurs-bearnlait\/","og_locale":"fr_FR","og_type":"article","og_title":"Les producteurs B\u00e9arnlait - Onetik","og_description":"Retrouvez la liste des fermes b\u00e9arnaises qui produisent le lait B\u00e9arn-lait ! Un lait r\u00e9gional 100% b\u00e9arnais.","og_url":"https:\/\/www.onetik.com\/fr\/fromagerie\/metiers\/producteur-de-lait\/les-producteurs-bearnlait\/","og_site_name":"Onetik","og_image":[{"url":"http:\/\/www.onetik.com\/wp-content\/uploads\/2022\/07\/Liste-producteurs-Bearnlait-2022.png","type":"","width":"","height":""}],"twitter_card":"summary_large_image","schema":{"@context":"https:\/\/schema.org","@graph":[{"@type":"WebPage","@id":"https:\/\/www.onetik.com\/fr\/fromagerie\/metiers\/producteur-de-lait\/les-producteurs-bearnlait\/","url":"https:\/\/www.onetik.com\/fr\/fromagerie\/metiers\/producteur-de-lait\/les-producteurs-bearnlait\/","name":"Les producteurs B\u00e9arnlait - Onetik","isPartOf":{"@id":"https:\/\/www.onetik.com\/fr\/#website"},"primaryImageOfPage":{"@id":"https:\/\/www.onetik.com\/fr\/fromagerie\/metiers\/producteur-de-lait\/les-producteurs-bearnlait\/#primaryimage"},"image":{"@id":"https:\/\/www.onetik.com\/fr\/fromagerie\/metiers\/producteur-de-lait\/les-producteurs-bearnlait\/#primaryimage"},"thumbnailUrl":"http:\/\/www.onetik.com\/wp-content\/uploads\/2022\/07\/Liste-producteurs-Bearnlait-2022.png","datePublished":"2022-07-12T13:33:26+00:00","description":"Retrouvez la liste des fermes b\u00e9arnaises qui produisent le lait B\u00e9arn-lait ! Un lait r\u00e9gional 100% b\u00e9arnais.","breadcrumb":{"@id":"https:\/\/www.onetik.com\/fr\/fromagerie\/metiers\/producteur-de-lait\/les-producteurs-bearnlait\/#breadcrumb"},"inLanguage":"fr-FR","potentialAction":[{"@type":"ReadAction","target":["https:\/\/www.onetik.com\/fr\/fromagerie\/metiers\/producteur-de-lait\/les-producteurs-bearnlait\/"]}]},{"@type":"ImageObject","inLanguage":"fr-FR","@id":"https:\/\/www.onetik.com\/fr\/fromagerie\/metiers\/producteur-de-lait\/les-producteurs-bearnlait\/#primaryimage","url":"http:\/\/www.onetik.com\/wp-content\/uploads\/2022\/07\/Liste-producteurs-Bearnlait-2022.png","contentUrl":"http:\/\/www.onetik.com\/wp-content\/uploads\/2022\/07\/Liste-producteurs-Bearnlait-2022.png"},{"@type":"BreadcrumbList","@id":"https:\/\/www.onetik.com\/fr\/fromagerie\/metiers\/producteur-de-lait\/les-producteurs-bearnlait\/#breadcrumb","itemListElement":[{"@type":"ListItem","position":1,"name":"Accueil","item":"https:\/\/www.onetik.com\/fr\/"},{"@type":"ListItem","position":2,"name":"La fromagerie","item":"https:\/\/www.onetik.com\/fr\/fromagerie\/"},{"@type":"ListItem","position":3,"name":"Des m\u00e9tiers et des hommes","item":"https:\/\/www.onetik.com\/fr\/fromagerie\/metiers\/"},{"@type":"ListItem","position":4,"name":"Producteur de lait","item":"https:\/\/www.onetik.com\/fr\/fromagerie\/metiers\/producteur-de-lait\/"},{"@type":"ListItem","position":5,"name":"Les producteurs B\u00e9arnlait"}]},{"@type":"WebSite","@id":"https:\/\/www.onetik.com\/fr\/#website","url":"https:\/\/www.onetik.com\/fr\/","name":"Onetik","description":"La Fromagerie du Pays Basque","potentialAction":[{"@type":"SearchAction","target":{"@type":"EntryPoint","urlTemplate":"https:\/\/www.onetik.com\/fr\/?s={search_term_string}"},"query-input":{"@type":"PropertyValueSpecification","valueRequired":true,"valueName":"search_term_string"}}],"inLanguage":"fr-FR"}]}},"_links":{"self":[{"href":"https:\/\/www.onetik.com\/fr\/wp-json\/wp\/v2\/pages\/14724","targetHints":{"allow":["GET"]}}],"collection":[{"href":"https:\/\/www.onetik.com\/fr\/wp-json\/wp\/v2\/pages"}],"about":[{"href":"https:\/\/www.onetik.com\/fr\/wp-json\/wp\/v2\/types\/page"}],"author":[{"embeddable":true,"href":"https:\/\/www.onetik.com\/fr\/wp-json\/wp\/v2\/users\/2"}],"replies":[{"embeddable":true,"href":"https:\/\/www.onetik.com\/fr\/wp-json\/wp\/v2\/comments?post=14724"}],"version-history":[{"count":1,"href":"https:\/\/www.onetik.com\/fr\/wp-json\/wp\/v2\/pages\/14724\/revisions"}],"predecessor-version":[{"id":14728,"href":"https:\/\/www.onetik.com\/fr\/wp-json\/wp\/v2\/pages\/14724\/revisions\/14728"}],"up":[{"embeddable":true,"href":"https:\/\/www.onetik.com\/fr\/wp-json\/wp\/v2\/pages\/9"}],"wp:attachment":[{"href":"https:\/\/www.onetik.com\/fr\/wp-json\/wp\/v2\/media?parent=14724"}],"curies":[{"name":"wp","href":"https:\/\/api.w.org\/{rel}","templated":true}]}}