{"id":124,"date":"2014-06-25T07:29:41","date_gmt":"2014-06-25T07:29:41","guid":{"rendered":"http:\/\/www.onetik.com\/?page_id=124"},"modified":"2014-07-27T15:39:25","modified_gmt":"2014-07-27T15:39:25","slug":"contact","status":"publish","type":"page","link":"https:\/\/www.onetik.com\/fr\/contact\/","title":{"rendered":"Contactez-nous"},"content":{"rendered":"<p>Vous avez des questions, des remarques ou des suggestions ? L\u2019\u00e9quipe de la fromagerie Onetik\u00a0est \u00e0 votre \u00e9coute.<br \/>\nRemplissez le formulaire ci-dessous :<\/p>\n<div class=\"frm_forms  with_frm_style frm_style_style-formidable\" id=\"frm_form_6_container\" >\n<form enctype=\"multipart\/form-data\" method=\"post\" class=\"frm-show-form  frm_ajax_submit  frm_pro_form \" id=\"form_contact2\" >\n<div class=\"frm_form_fields \">\n<fieldset>\n\r\n<div class=\"frm_fields_container\">\n<input type=\"hidden\" name=\"frm_action\" value=\"create\" \/>\n<input type=\"hidden\" name=\"form_id\" value=\"6\" \/>\n<input type=\"hidden\" name=\"frm_hide_fields_6\" id=\"frm_hide_fields_6\" value=\"\" \/>\n<input type=\"hidden\" name=\"form_key\" value=\"contact2\" \/>\n<input type=\"hidden\" name=\"item_meta[0]\" value=\"\" \/>\n<input type=\"hidden\" id=\"frm_submit_entry_6\" name=\"frm_submit_entry_6\" value=\"2ac4668fe5\" \/><input type=\"hidden\" name=\"_wp_http_referer\" value=\"\/fr\/wp-json\/wp\/v2\/pages\/124\" \/><div id=\"frm_field_90_container\" class=\"frm_form_field form-field  frm_none_container horizontal_radio\">\r\n    <label  class=\"frm_primary_label\">Civilit\u00e9\r\n        <span class=\"frm_required\"><\/span>\r\n    <\/label>\r\n    <div class=\"frm_opt_container\">\t\t<div class=\"frm_radio\" id=\"frm_radio_90-0\">\t\t\t<label  for=\"field_oz8bn6-0\">\n\t\t\t\t\t<input type=\"radio\" name=\"item_meta[90]\" id=\"field_oz8bn6-0\" value=\"Madame\"\n\t\t data-invmsg=\"Civilit\u00e9 est non valide\"   \/> Madame<\/label><\/div>\n\t\t<div class=\"frm_radio\" id=\"frm_radio_90-1\">\t\t\t<label  for=\"field_oz8bn6-1\">\n\t\t\t\t\t<input type=\"radio\" name=\"item_meta[90]\" id=\"field_oz8bn6-1\" value=\"Monsieur\"\n\t\t data-invmsg=\"Civilit\u00e9 est non valide\"   \/> Monsieur<\/label><\/div>\n<\/div>\r\n    \r\n    \r\n<\/div>\n<div id=\"frm_field_91_container\" class=\"frm_form_field form-field  frm_required_field frm_left_container frm_half frm_first\">\r\n    <label for=\"field_8t1w8t\" class=\"frm_primary_label\">Vous \u00eates\r\n        <span class=\"frm_required\">*<\/span>\r\n    <\/label>\r\n    \t\t<select name=\"item_meta[91]\" id=\"field_8t1w8t\"  data-frmval=\"Particulier\" data-reqmsg=\"Ce champ est requis.\" aria-required=\"true\" data-invmsg=\"Vous \u00eates est non valide\" aria-invalid=\"false\"  >\n\t\t<option  value=\"Particulier\" selected='selected'>Particulier<\/option><option  value=\"Professionnel\">Professionnel<\/option>\t<\/select>\n\t\r\n    \r\n    \r\n<\/div>\n<div id=\"frm_field_110_container\" class=\"frm_form_field form-field  frm_required_field frm_left_container frm_total\">\r\n    <label for=\"field_99ysuh\" class=\"frm_primary_label\">Soci\u00e9t\u00e9\r\n        <span class=\"frm_required\">*<\/span>\r\n    <\/label>\r\n    <input  type=\"text\" id=\"field_99ysuh\" name=\"item_meta[110]\" value=\"\"  data-reqmsg=\"Ce champ est requis.\" aria-required=\"true\" data-invmsg=\"Soci\u00e9t\u00e9 est non valide\" aria-invalid=\"false\"   \/>\r\n    \r\n    \r\n<\/div>\n<div id=\"frm_field_111_container\" class=\"frm_form_field form-field  frm_left_container frm_last_two_thirds\">\r\n    <label for=\"field_3rhgv6\" class=\"frm_primary_label\">Adresse compl\u00e8te\r\n        <span class=\"frm_required\"><\/span>\r\n    <\/label>\r\n    <textarea name=\"item_meta[111]\" id=\"field_3rhgv6\"  data-invmsg=\"Adresse compl\u00e8te est non valide\" aria-invalid=\"false\"  ><\/textarea>\r\n    \r\n    \r\n<\/div>\n<div id=\"frm_field_115_container\" class=\"frm_form_field form-field  frm_top_container\">\r\n    <label for=\"field_7myylh\" class=\"frm_primary_label\">Adresse Postale\r\n        <span class=\"frm_required\"><\/span>\r\n    <\/label>\r\n    <input  type=\"text\" id=\"field_7myylh\" name=\"item_meta[115]\" value=\"\"  data-invmsg=\"Adresse Postale est non valide\" aria-invalid=\"false\"   \/>\r\n    \r\n    \r\n<\/div>\n<div id=\"frm_field_83_container\" class=\"frm_form_field form-field  frm_required_field frm_left_container frm_first frm_half\">\r\n    <label for=\"field_qh4icy2\" class=\"frm_primary_label\">Nom\r\n        <span class=\"frm_required\">*<\/span>\r\n    <\/label>\r\n    <input  type=\"text\" id=\"field_qh4icy2\" name=\"item_meta[83]\" value=\"\"  data-reqmsg=\"Ce champ est requis.\" aria-required=\"true\" data-invmsg=\"Nom est non valide\" aria-invalid=\"false\"   \/>\r\n    \r\n    \r\n<\/div>\n<div id=\"frm_field_84_container\" class=\"frm_form_field form-field  frm_required_field frm_left_container frm_half\">\r\n    <label for=\"field_ocfup12\" class=\"frm_primary_label\">Pr\u00e9nom\r\n        <span class=\"frm_required\">*<\/span>\r\n    <\/label>\r\n    <input  type=\"text\" id=\"field_ocfup12\" name=\"item_meta[84]\" value=\"\"  data-reqmsg=\"Ce champ est requis.\" aria-required=\"true\" data-invmsg=\"Pr\u00e9nom est non valide\" aria-invalid=\"false\"   \/>\r\n    \r\n    \r\n<\/div>\n<div id=\"frm_field_85_container\" class=\"frm_form_field form-field  frm_required_field frm_left_container frm_first frm_half\">\r\n    <label for=\"field_29yf4d2\" class=\"frm_primary_label\">Mail\r\n        <span class=\"frm_required\">*<\/span>\r\n    <\/label>\r\n    <input type=\"email\" id=\"field_29yf4d2\" name=\"item_meta[85]\" value=\"\"  data-reqmsg=\"Ce champ est requis.\" aria-required=\"true\" data-invmsg=\"Renseignez une adresse email valide.\" aria-invalid=\"false\"  \/>\r\n    \r\n    \r\n<\/div>\n<div id=\"frm_field_92_container\" class=\"frm_form_field form-field  frm_left_container frm_half\">\r\n    <label for=\"field_ukiglf\" class=\"frm_primary_label\">Tel\r\n        <span class=\"frm_required\"><\/span>\r\n    <\/label>\r\n    <input type=\"tel\" id=\"field_ukiglf\" name=\"item_meta[92]\" value=\"\"  maxlength=\"17\" data-invmsg=\"Num\u00e9ro de t\u00e9l\u00e9phone non valide.\" aria-invalid=\"false\" pattern=\"((\\+\\d{1,3}(-|.| )?\\(?\\d\\)?(-| |.)?\\d{1,5})|(\\(?\\d{2,6}\\)?))(-|.| )?(\\d{3,4})(-|.| )?(\\d{4})(( x| ext)\\d{1,5}){0,1}$\"  \/>\r\n    \r\n    \r\n<\/div>\n<div id=\"frm_field_93_container\" class=\"frm_form_field form-field  frm_left_container frm_first frm_half\">\r\n    <label for=\"field_u8yj39\" class=\"frm_primary_label\">Nom du produit\r\n        <span class=\"frm_required\"><\/span>\r\n    <\/label>\r\n    <input  type=\"text\" id=\"field_u8yj39\" name=\"item_meta[93]\" value=\"\"  data-invmsg=\"Nom du produit est non valide\" aria-invalid=\"false\"   \/>\r\n    \r\n    \r\n<\/div>\n<div id=\"frm_field_114_container\" class=\"frm_form_field form-field  frm_top_container\">\r\n    <label for=\"field_lwrhp6\" class=\"frm_primary_label\">Num\u00e9ro de lot\r\n        <span class=\"frm_required\"><\/span>\r\n    <\/label>\r\n    <input  type=\"text\" id=\"field_lwrhp6\" name=\"item_meta[114]\" value=\"\"  data-invmsg=\"Num\u00e9ro de lot est non valide\" aria-invalid=\"false\"   \/>\r\n    \r\n    \r\n<\/div>\n<div id=\"frm_field_94_container\" class=\"frm_form_field form-field  frm_required_field frm_left_container frm_last_two_thirds\">\r\n    <label for=\"field_5g2h07\" class=\"frm_primary_label\">Objet du contact\r\n        <span class=\"frm_required\">*<\/span>\r\n    <\/label>\r\n    \t\t<select name=\"item_meta[94]\" id=\"field_5g2h07\"  data-frmval=\"Demande d\u2019informations\" data-reqmsg=\"Ce champ est requis.\" aria-required=\"true\" data-invmsg=\"Objet du contact est non valide\" aria-invalid=\"false\"  >\n\t\t<option  value=\"Demande d\u2019informations\" selected='selected'>Demande d\u2019informations<\/option><option  value=\"F\u00e9licitations\">F\u00e9licitations<\/option><option  value=\"Remarque produit\">Remarque produit<\/option><option  value=\"Question\">Question<\/option><option  value=\"Partenariat\">Partenariat<\/option><option  value=\"Autre\">Autre<\/option>\t<\/select>\n\t\r\n    \r\n    \r\n<\/div>\n<div id=\"frm_field_109_container\" class=\"frm_form_field form-field  frm_required_field frm_left_container frm_last_two_thirds\">\r\n    <label for=\"field_jry6w\" class=\"frm_primary_label\">Objet du contact\r\n        <span class=\"frm_required\">*<\/span>\r\n    <\/label>\r\n    \t\t<select name=\"item_meta[109]\" id=\"field_jry6w\"  data-frmval=\"Devenir client \/ distributeur\" data-reqmsg=\"Ce champ est requis.\" aria-required=\"true\" data-invmsg=\"Objet du contact est non valide\" aria-invalid=\"false\"  >\n\t\t<option  value=\"Devenir client \/ distributeur\" selected='selected'>Devenir client \/ distributeur<\/option><option  value=\"Information commerciale\">Information commerciale<\/option><option  value=\"Remarque produit\">Remarque produit<\/option><option  value=\"Autre\">Autre<\/option>\t<\/select>\n\t\r\n    \r\n    \r\n<\/div>\n<div id=\"frm_field_88_container\" class=\"frm_form_field form-field  frm_required_field frm_left_container frm_full\">\r\n    <label for=\"field_9jv0r12\" class=\"frm_primary_label\">Commentaire\r\n        <span class=\"frm_required\">*<\/span>\r\n    <\/label>\r\n    <textarea name=\"item_meta[88]\" id=\"field_9jv0r12\" rows=\"5\"  data-reqmsg=\"Ce champ est requis.\" aria-required=\"true\" data-invmsg=\"Commentaire est non valide\" aria-invalid=\"false\"  ><\/textarea>\r\n    \r\n    \r\n<\/div>\n<div id=\"frm_field_136_container\" class=\"frm_form_field form-field \">\n\t<div class=\"frm_submit\">\r\n\r\n<input type=\"submit\" value=\"Envoyer\"  class=\"frm_final_submit\" formnovalidate=\"formnovalidate\" \/>\r\n<img decoding=\"async\" class=\"frm_ajax_loading\" src=\"https:\/\/www.onetik.com\/wp-content\/plugins\/formidable\/images\/ajax_loader.gif\" alt=\"Envoi\" style=\"visibility:hidden;\" \/>\r\n\r\n<\/div>\n<\/div>\n\t<input type=\"hidden\" name=\"item_key\" value=\"\" \/>\n\t\t\t<div id=\"frm_field_137_container\">\n\t\t\t<label for=\"field_bhn99\" >\n\t\t\t\tSi vous \u00eates un humain, ne remplissez pas ce champ.\t\t\t<\/label>\n\t\t\t<input  id=\"field_bhn99\" type=\"text\" class=\"frm_form_field form-field frm_verify\" name=\"item_meta[137]\" value=\"\"  \/>\n\t\t<\/div>\n\t\t<input name=\"frm_state\" type=\"hidden\" value=\"p9gZDbWrExEc76QgJQGbXIbDnrt9basv8DTiXhm6nn+z0RyNAdYutsfDkgM\/bLEP\" \/><\/div>\n<\/fieldset>\n<\/div>\n\n<\/form>\n<\/div>\n\n","protected":false},"excerpt":{"rendered":"<p>Vous avez des questions, des remarques ou des suggestions ? L\u2019\u00e9quipe de la fromagerie Onetik\u00a0est \u00e0 votre \u00e9coute. Remplissez le [&hellip;]<\/p>\n","protected":false},"author":1,"featured_media":0,"parent":0,"menu_order":0,"comment_status":"closed","ping_status":"closed","template":"","meta":{"_acf_changed":false,"footnotes":""},"class_list":["post-124","page","type-page","status-publish","hentry"],"acf":[],"yoast_head":"<!-- This site is optimized with the Yoast SEO plugin v27.2 - https:\/\/yoast.com\/product\/yoast-seo-wordpress\/ -->\n<title>Contacter la fromagerie Onetik - Onetik<\/title>\n<meta name=\"description\" content=\"Pour nous contacter, donnez votre avis sur un produit, cr\u00e9er un partenariat ou nous faire part d&#039;une r\u00e9clamation, remplissez notre formulaire !\" \/>\n<meta name=\"robots\" content=\"index, follow, max-snippet:-1, max-image-preview:large, max-video-preview:-1\" \/>\n<link rel=\"canonical\" href=\"https:\/\/www.onetik.com\/fr\/contact\/\" \/>\n<meta property=\"og:locale\" content=\"fr_FR\" \/>\n<meta property=\"og:type\" content=\"article\" \/>\n<meta property=\"og:title\" content=\"Contacter la fromagerie Onetik - Onetik\" \/>\n<meta property=\"og:description\" content=\"Pour nous contacter, donnez votre avis sur un produit, cr\u00e9er un partenariat ou nous faire part d&#039;une r\u00e9clamation, remplissez notre formulaire !\" \/>\n<meta property=\"og:url\" content=\"https:\/\/www.onetik.com\/fr\/contact\/\" \/>\n<meta property=\"og:site_name\" content=\"Onetik\" \/>\n<meta property=\"article:modified_time\" content=\"2014-07-27T15:39:25+00:00\" \/>\n<meta name=\"twitter:card\" content=\"summary_large_image\" \/>\n<script type=\"application\/ld+json\" class=\"yoast-schema-graph\">{\"@context\":\"https:\/\/schema.org\",\"@graph\":[{\"@type\":\"WebPage\",\"@id\":\"https:\/\/www.onetik.com\/fr\/contact\/\",\"url\":\"https:\/\/www.onetik.com\/fr\/contact\/\",\"name\":\"Contacter la fromagerie Onetik - Onetik\",\"isPartOf\":{\"@id\":\"https:\/\/www.onetik.com\/fr\/#website\"},\"datePublished\":\"2014-06-25T07:29:41+00:00\",\"dateModified\":\"2014-07-27T15:39:25+00:00\",\"description\":\"Pour nous contacter, donnez votre avis sur un produit, cr\u00e9er un partenariat ou nous faire part d'une r\u00e9clamation, remplissez notre formulaire !\",\"breadcrumb\":{\"@id\":\"https:\/\/www.onetik.com\/fr\/contact\/#breadcrumb\"},\"inLanguage\":\"fr-FR\",\"potentialAction\":[{\"@type\":\"ReadAction\",\"target\":[\"https:\/\/www.onetik.com\/fr\/contact\/\"]}]},{\"@type\":\"BreadcrumbList\",\"@id\":\"https:\/\/www.onetik.com\/fr\/contact\/#breadcrumb\",\"itemListElement\":[{\"@type\":\"ListItem\",\"position\":1,\"name\":\"Accueil\",\"item\":\"https:\/\/www.onetik.com\/fr\/\"},{\"@type\":\"ListItem\",\"position\":2,\"name\":\"Contactez-nous\"}]},{\"@type\":\"WebSite\",\"@id\":\"https:\/\/www.onetik.com\/fr\/#website\",\"url\":\"https:\/\/www.onetik.com\/fr\/\",\"name\":\"Onetik\",\"description\":\"La Fromagerie du Pays Basque\",\"potentialAction\":[{\"@type\":\"SearchAction\",\"target\":{\"@type\":\"EntryPoint\",\"urlTemplate\":\"https:\/\/www.onetik.com\/fr\/?s={search_term_string}\"},\"query-input\":{\"@type\":\"PropertyValueSpecification\",\"valueRequired\":true,\"valueName\":\"search_term_string\"}}],\"inLanguage\":\"fr-FR\"}]}<\/script>\n<!-- \/ Yoast SEO plugin. -->","yoast_head_json":{"title":"Contacter la fromagerie Onetik - Onetik","description":"Pour nous contacter, donnez votre avis sur un produit, cr\u00e9er un partenariat ou nous faire part d'une r\u00e9clamation, remplissez notre formulaire !","robots":{"index":"index","follow":"follow","max-snippet":"max-snippet:-1","max-image-preview":"max-image-preview:large","max-video-preview":"max-video-preview:-1"},"canonical":"https:\/\/www.onetik.com\/fr\/contact\/","og_locale":"fr_FR","og_type":"article","og_title":"Contacter la fromagerie Onetik - Onetik","og_description":"Pour nous contacter, donnez votre avis sur un produit, cr\u00e9er un partenariat ou nous faire part d'une r\u00e9clamation, remplissez notre formulaire !","og_url":"https:\/\/www.onetik.com\/fr\/contact\/","og_site_name":"Onetik","article_modified_time":"2014-07-27T15:39:25+00:00","twitter_card":"summary_large_image","schema":{"@context":"https:\/\/schema.org","@graph":[{"@type":"WebPage","@id":"https:\/\/www.onetik.com\/fr\/contact\/","url":"https:\/\/www.onetik.com\/fr\/contact\/","name":"Contacter la fromagerie Onetik - Onetik","isPartOf":{"@id":"https:\/\/www.onetik.com\/fr\/#website"},"datePublished":"2014-06-25T07:29:41+00:00","dateModified":"2014-07-27T15:39:25+00:00","description":"Pour nous contacter, donnez votre avis sur un produit, cr\u00e9er un partenariat ou nous faire part d'une r\u00e9clamation, remplissez notre formulaire !","breadcrumb":{"@id":"https:\/\/www.onetik.com\/fr\/contact\/#breadcrumb"},"inLanguage":"fr-FR","potentialAction":[{"@type":"ReadAction","target":["https:\/\/www.onetik.com\/fr\/contact\/"]}]},{"@type":"BreadcrumbList","@id":"https:\/\/www.onetik.com\/fr\/contact\/#breadcrumb","itemListElement":[{"@type":"ListItem","position":1,"name":"Accueil","item":"https:\/\/www.onetik.com\/fr\/"},{"@type":"ListItem","position":2,"name":"Contactez-nous"}]},{"@type":"WebSite","@id":"https:\/\/www.onetik.com\/fr\/#website","url":"https:\/\/www.onetik.com\/fr\/","name":"Onetik","description":"La Fromagerie du Pays Basque","potentialAction":[{"@type":"SearchAction","target":{"@type":"EntryPoint","urlTemplate":"https:\/\/www.onetik.com\/fr\/?s={search_term_string}"},"query-input":{"@type":"PropertyValueSpecification","valueRequired":true,"valueName":"search_term_string"}}],"inLanguage":"fr-FR"}]}},"_links":{"self":[{"href":"https:\/\/www.onetik.com\/fr\/wp-json\/wp\/v2\/pages\/124","targetHints":{"allow":["GET"]}}],"collection":[{"href":"https:\/\/www.onetik.com\/fr\/wp-json\/wp\/v2\/pages"}],"about":[{"href":"https:\/\/www.onetik.com\/fr\/wp-json\/wp\/v2\/types\/page"}],"author":[{"embeddable":true,"href":"https:\/\/www.onetik.com\/fr\/wp-json\/wp\/v2\/users\/1"}],"replies":[{"embeddable":true,"href":"https:\/\/www.onetik.com\/fr\/wp-json\/wp\/v2\/comments?post=124"}],"version-history":[{"count":2,"href":"https:\/\/www.onetik.com\/fr\/wp-json\/wp\/v2\/pages\/124\/revisions"}],"predecessor-version":[{"id":228,"href":"https:\/\/www.onetik.com\/fr\/wp-json\/wp\/v2\/pages\/124\/revisions\/228"}],"wp:attachment":[{"href":"https:\/\/www.onetik.com\/fr\/wp-json\/wp\/v2\/media?parent=124"}],"curies":[{"name":"wp","href":"https:\/\/api.w.org\/{rel}","templated":true}]}}