{"id":11,"date":"2014-06-19T14:43:53","date_gmt":"2014-06-19T14:43:53","guid":{"rendered":"http:\/\/www.onetik.com\/?page_id=11"},"modified":"2023-02-28T15:20:17","modified_gmt":"2023-02-28T15:20:17","slug":"fromager","status":"publish","type":"page","link":"https:\/\/www.onetik.com\/fr\/fromagerie\/metiers\/fromager\/","title":{"rendered":"Fromager"},"content":{"rendered":"<p style=\"text-align: justify;\">Le fromager est un peu magicien dans l\u2019\u00e2me, il\u00a0<strong>transforme<\/strong>\u00a0le lait, mati\u00e8re liquide, en un solide agr\u00e9able \u00e0 savourer sous de multiples formes et de saveurs vari\u00e9es\u00a0!<\/p>\n<p style=\"text-align: justify;\">Le lait n\u2019est pas une mati\u00e8re premi\u00e8re comme les autres, c\u2019est pourquoi \u00eatre fromager, \u00a0c\u2019est avant tout\u00a0<strong>un savoir-faire<\/strong>\u00a0n\u00e9cessitant habilet\u00e9, intuition mais aussi une parfaite connaissance du lait. En effet, il doit anticiper les diff\u00e9rences et la variabilit\u00e9 du lait, li\u00e9es aux saisons, de mani\u00e8re \u00e0 assurer un m\u00eame niveau de qualit\u00e9 au produit et ce toute l\u2019ann\u00e9e.<\/p>\n<p style=\"text-align: justify;\">Pour fabriquer un fromage \u00e0 p\u00e2te press\u00e9e non cuite, <strong>4 \u00e9tapes<\/strong>\u00a0sont essentielles.<\/p>\n<p style=\"text-align: justify;\">Tout d\u2019abord, les cuves sont remplies du lait collect\u00e9 chez nos producteurs. C\u2019est dans ces cuves que le lait subit un traitement thermique auquel il ajoute de la pr\u00e9sure pour obtenir du lait caill\u00e9. Ce lait caill\u00e9 contient encore beaucoup d\u2019eau mais malgr\u00e9 cela ce n\u2019est d\u00e9j\u00e0 plus un liquide. Vient ensuite l\u2019\u00e9tape du brassage o\u00f9 le caill\u00e9 obtenu est bris\u00e9 et brass\u00e9 au fouet. Durant cette \u00e9tape, le caill\u00e9 est d\u00e9coup\u00e9 avant d\u2019\u00eatre \u00e9goutt\u00e9. Le fromager, dans un troisi\u00e8me temps, dispose les portions de caill\u00e9s dans des moules perfor\u00e9s qui sont ensuite press\u00e9es. Ainsi, les fromages obtiennent leur forme d\u00e9finitive et leur caract\u00e9ristique de \u00ab fromage \u00e0 p\u00e2te press\u00e9e \u00bb. Pour finir, les fromages sont d\u00e9moul\u00e9s, sal\u00e9s en saumure afin d\u2019assurer leur conservation et d\u2019affiner leur go\u00fbt. Ils sont ensuite mis \u00e0 s\u00e9cher dans nos caves o\u00f9 nos affineurs\u00a0exercent leur m\u00e9tier.<\/p>\n<p>&nbsp;<\/p>\n<p><a href=\"http:\/\/www.onetik.com\/wp-content\/uploads\/2021\/02\/fromagerie-onetik.png\"><img loading=\"lazy\" decoding=\"async\" class=\" wp-image-14083 aligncenter\" src=\"http:\/\/www.onetik.com\/wp-content\/uploads\/2021\/02\/fromagerie-onetik-300x97.png\" alt=\"\" width=\"973\" height=\"315\" srcset=\"https:\/\/www.onetik.com\/wp-content\/uploads\/2021\/02\/fromagerie-onetik-300x97.png 300w, https:\/\/www.onetik.com\/wp-content\/uploads\/2021\/02\/fromagerie-onetik-1024x331.png 1024w, https:\/\/www.onetik.com\/wp-content\/uploads\/2021\/02\/fromagerie-onetik-768x248.png 768w, https:\/\/www.onetik.com\/wp-content\/uploads\/2021\/02\/fromagerie-onetik-1536x497.png 1536w, https:\/\/www.onetik.com\/wp-content\/uploads\/2021\/02\/fromagerie-onetik-382x124.png 382w, https:\/\/www.onetik.com\/wp-content\/uploads\/2021\/02\/fromagerie-onetik.png 2000w\" sizes=\"auto, (max-width: 973px) 100vw, 973px\" \/><\/a><\/p>\n","protected":false},"excerpt":{"rendered":"<p>Le fromager est un peu magicien dans l\u2019\u00e2me, il\u00a0transforme\u00a0le lait, mati\u00e8re liquide, en un solide agr\u00e9able \u00e0 savourer sous de [&hellip;]<\/p>\n","protected":false},"author":1,"featured_media":15062,"parent":7,"menu_order":2,"comment_status":"closed","ping_status":"closed","template":"page-template\/detail-metier.php","meta":{"_acf_changed":false,"footnotes":""},"class_list":["post-11","page","type-page","status-publish","has-post-thumbnail","hentry"],"acf":[],"yoast_head":"<!-- This site is optimized with the Yoast SEO plugin v27.2 - https:\/\/yoast.com\/product\/yoast-seo-wordpress\/ -->\n<title>Le m\u00e9tier de fromager - Pays Basque - Onetik<\/title>\n<meta name=\"description\" content=\"C&#039;est gr\u00e2ce au savoir-faire du fromager que nous pouvons vous offrir d&#039;excellents fromages Onetik !\" \/>\n<meta name=\"robots\" content=\"index, follow, max-snippet:-1, max-image-preview:large, max-video-preview:-1\" \/>\n<link rel=\"canonical\" href=\"https:\/\/www.onetik.com\/fr\/fromagerie\/metiers\/fromager\/\" \/>\n<meta property=\"og:locale\" content=\"fr_FR\" \/>\n<meta property=\"og:type\" content=\"article\" \/>\n<meta property=\"og:title\" content=\"Le m\u00e9tier de fromager - Pays Basque - Onetik\" \/>\n<meta property=\"og:description\" content=\"C&#039;est gr\u00e2ce au savoir-faire du fromager que nous pouvons vous offrir d&#039;excellents fromages Onetik !\" \/>\n<meta property=\"og:url\" content=\"https:\/\/www.onetik.com\/fr\/fromagerie\/metiers\/fromager\/\" \/>\n<meta property=\"og:site_name\" content=\"Onetik\" \/>\n<meta property=\"article:modified_time\" content=\"2023-02-28T15:20:17+00:00\" \/>\n<meta property=\"og:image\" content=\"https:\/\/www.onetik.com\/wp-content\/uploads\/2023\/02\/@PierreCarton_Onetik_Usine_036-scaled.jpg\" \/>\n\t<meta property=\"og:image:width\" content=\"2560\" \/>\n\t<meta property=\"og:image:height\" content=\"1707\" \/>\n\t<meta property=\"og:image:type\" content=\"image\/jpeg\" \/>\n<meta name=\"twitter:card\" content=\"summary_large_image\" \/>\n<meta name=\"twitter:label1\" content=\"Dur\u00e9e de lecture estim\u00e9e\" \/>\n\t<meta name=\"twitter:data1\" content=\"2 minutes\" \/>\n<script type=\"application\/ld+json\" class=\"yoast-schema-graph\">{\"@context\":\"https:\/\/schema.org\",\"@graph\":[{\"@type\":\"WebPage\",\"@id\":\"https:\/\/www.onetik.com\/fr\/fromagerie\/metiers\/fromager\/\",\"url\":\"https:\/\/www.onetik.com\/fr\/fromagerie\/metiers\/fromager\/\",\"name\":\"Le m\u00e9tier de fromager - Pays Basque - Onetik\",\"isPartOf\":{\"@id\":\"https:\/\/www.onetik.com\/fr\/#website\"},\"primaryImageOfPage\":{\"@id\":\"https:\/\/www.onetik.com\/fr\/fromagerie\/metiers\/fromager\/#primaryimage\"},\"image\":{\"@id\":\"https:\/\/www.onetik.com\/fr\/fromagerie\/metiers\/fromager\/#primaryimage\"},\"thumbnailUrl\":\"https:\/\/www.onetik.com\/wp-content\/uploads\/2023\/02\/@PierreCarton_Onetik_Usine_036-scaled.jpg\",\"datePublished\":\"2014-06-19T14:43:53+00:00\",\"dateModified\":\"2023-02-28T15:20:17+00:00\",\"description\":\"C'est gr\u00e2ce au savoir-faire du fromager que nous pouvons vous offrir d'excellents fromages Onetik !\",\"breadcrumb\":{\"@id\":\"https:\/\/www.onetik.com\/fr\/fromagerie\/metiers\/fromager\/#breadcrumb\"},\"inLanguage\":\"fr-FR\",\"potentialAction\":[{\"@type\":\"ReadAction\",\"target\":[\"https:\/\/www.onetik.com\/fr\/fromagerie\/metiers\/fromager\/\"]}]},{\"@type\":\"ImageObject\",\"inLanguage\":\"fr-FR\",\"@id\":\"https:\/\/www.onetik.com\/fr\/fromagerie\/metiers\/fromager\/#primaryimage\",\"url\":\"https:\/\/www.onetik.com\/wp-content\/uploads\/2023\/02\/@PierreCarton_Onetik_Usine_036-scaled.jpg\",\"contentUrl\":\"https:\/\/www.onetik.com\/wp-content\/uploads\/2023\/02\/@PierreCarton_Onetik_Usine_036-scaled.jpg\",\"width\":2560,\"height\":1707,\"caption\":\"onetik\"},{\"@type\":\"BreadcrumbList\",\"@id\":\"https:\/\/www.onetik.com\/fr\/fromagerie\/metiers\/fromager\/#breadcrumb\",\"itemListElement\":[{\"@type\":\"ListItem\",\"position\":1,\"name\":\"Accueil\",\"item\":\"https:\/\/www.onetik.com\/fr\/\"},{\"@type\":\"ListItem\",\"position\":2,\"name\":\"La fromagerie\",\"item\":\"https:\/\/www.onetik.com\/fr\/fromagerie\/\"},{\"@type\":\"ListItem\",\"position\":3,\"name\":\"Des m\u00e9tiers et des hommes\",\"item\":\"https:\/\/www.onetik.com\/fr\/fromagerie\/metiers\/\"},{\"@type\":\"ListItem\",\"position\":4,\"name\":\"Fromager\"}]},{\"@type\":\"WebSite\",\"@id\":\"https:\/\/www.onetik.com\/fr\/#website\",\"url\":\"https:\/\/www.onetik.com\/fr\/\",\"name\":\"Onetik\",\"description\":\"La Fromagerie du Pays Basque\",\"potentialAction\":[{\"@type\":\"SearchAction\",\"target\":{\"@type\":\"EntryPoint\",\"urlTemplate\":\"https:\/\/www.onetik.com\/fr\/?s={search_term_string}\"},\"query-input\":{\"@type\":\"PropertyValueSpecification\",\"valueRequired\":true,\"valueName\":\"search_term_string\"}}],\"inLanguage\":\"fr-FR\"}]}<\/script>\n<!-- \/ Yoast SEO plugin. -->","yoast_head_json":{"title":"Le m\u00e9tier de fromager - Pays Basque - Onetik","description":"C'est gr\u00e2ce au savoir-faire du fromager que nous pouvons vous offrir d'excellents fromages Onetik !","robots":{"index":"index","follow":"follow","max-snippet":"max-snippet:-1","max-image-preview":"max-image-preview:large","max-video-preview":"max-video-preview:-1"},"canonical":"https:\/\/www.onetik.com\/fr\/fromagerie\/metiers\/fromager\/","og_locale":"fr_FR","og_type":"article","og_title":"Le m\u00e9tier de fromager - Pays Basque - Onetik","og_description":"C'est gr\u00e2ce au savoir-faire du fromager que nous pouvons vous offrir d'excellents fromages Onetik !","og_url":"https:\/\/www.onetik.com\/fr\/fromagerie\/metiers\/fromager\/","og_site_name":"Onetik","article_modified_time":"2023-02-28T15:20:17+00:00","og_image":[{"width":2560,"height":1707,"url":"https:\/\/www.onetik.com\/wp-content\/uploads\/2023\/02\/@PierreCarton_Onetik_Usine_036-scaled.jpg","type":"image\/jpeg"}],"twitter_card":"summary_large_image","twitter_misc":{"Dur\u00e9e de lecture estim\u00e9e":"2 minutes"},"schema":{"@context":"https:\/\/schema.org","@graph":[{"@type":"WebPage","@id":"https:\/\/www.onetik.com\/fr\/fromagerie\/metiers\/fromager\/","url":"https:\/\/www.onetik.com\/fr\/fromagerie\/metiers\/fromager\/","name":"Le m\u00e9tier de fromager - Pays Basque - Onetik","isPartOf":{"@id":"https:\/\/www.onetik.com\/fr\/#website"},"primaryImageOfPage":{"@id":"https:\/\/www.onetik.com\/fr\/fromagerie\/metiers\/fromager\/#primaryimage"},"image":{"@id":"https:\/\/www.onetik.com\/fr\/fromagerie\/metiers\/fromager\/#primaryimage"},"thumbnailUrl":"https:\/\/www.onetik.com\/wp-content\/uploads\/2023\/02\/@PierreCarton_Onetik_Usine_036-scaled.jpg","datePublished":"2014-06-19T14:43:53+00:00","dateModified":"2023-02-28T15:20:17+00:00","description":"C'est gr\u00e2ce au savoir-faire du fromager que nous pouvons vous offrir d'excellents fromages Onetik !","breadcrumb":{"@id":"https:\/\/www.onetik.com\/fr\/fromagerie\/metiers\/fromager\/#breadcrumb"},"inLanguage":"fr-FR","potentialAction":[{"@type":"ReadAction","target":["https:\/\/www.onetik.com\/fr\/fromagerie\/metiers\/fromager\/"]}]},{"@type":"ImageObject","inLanguage":"fr-FR","@id":"https:\/\/www.onetik.com\/fr\/fromagerie\/metiers\/fromager\/#primaryimage","url":"https:\/\/www.onetik.com\/wp-content\/uploads\/2023\/02\/@PierreCarton_Onetik_Usine_036-scaled.jpg","contentUrl":"https:\/\/www.onetik.com\/wp-content\/uploads\/2023\/02\/@PierreCarton_Onetik_Usine_036-scaled.jpg","width":2560,"height":1707,"caption":"onetik"},{"@type":"BreadcrumbList","@id":"https:\/\/www.onetik.com\/fr\/fromagerie\/metiers\/fromager\/#breadcrumb","itemListElement":[{"@type":"ListItem","position":1,"name":"Accueil","item":"https:\/\/www.onetik.com\/fr\/"},{"@type":"ListItem","position":2,"name":"La fromagerie","item":"https:\/\/www.onetik.com\/fr\/fromagerie\/"},{"@type":"ListItem","position":3,"name":"Des m\u00e9tiers et des hommes","item":"https:\/\/www.onetik.com\/fr\/fromagerie\/metiers\/"},{"@type":"ListItem","position":4,"name":"Fromager"}]},{"@type":"WebSite","@id":"https:\/\/www.onetik.com\/fr\/#website","url":"https:\/\/www.onetik.com\/fr\/","name":"Onetik","description":"La Fromagerie du Pays Basque","potentialAction":[{"@type":"SearchAction","target":{"@type":"EntryPoint","urlTemplate":"https:\/\/www.onetik.com\/fr\/?s={search_term_string}"},"query-input":{"@type":"PropertyValueSpecification","valueRequired":true,"valueName":"search_term_string"}}],"inLanguage":"fr-FR"}]}},"_links":{"self":[{"href":"https:\/\/www.onetik.com\/fr\/wp-json\/wp\/v2\/pages\/11","targetHints":{"allow":["GET"]}}],"collection":[{"href":"https:\/\/www.onetik.com\/fr\/wp-json\/wp\/v2\/pages"}],"about":[{"href":"https:\/\/www.onetik.com\/fr\/wp-json\/wp\/v2\/types\/page"}],"author":[{"embeddable":true,"href":"https:\/\/www.onetik.com\/fr\/wp-json\/wp\/v2\/users\/1"}],"replies":[{"embeddable":true,"href":"https:\/\/www.onetik.com\/fr\/wp-json\/wp\/v2\/comments?post=11"}],"version-history":[{"count":28,"href":"https:\/\/www.onetik.com\/fr\/wp-json\/wp\/v2\/pages\/11\/revisions"}],"predecessor-version":[{"id":14091,"href":"https:\/\/www.onetik.com\/fr\/wp-json\/wp\/v2\/pages\/11\/revisions\/14091"}],"up":[{"embeddable":true,"href":"https:\/\/www.onetik.com\/fr\/wp-json\/wp\/v2\/pages\/7"}],"wp:featuredmedia":[{"embeddable":true,"href":"https:\/\/www.onetik.com\/fr\/wp-json\/wp\/v2\/media\/15062"}],"wp:attachment":[{"href":"https:\/\/www.onetik.com\/fr\/wp-json\/wp\/v2\/media?parent=11"}],"curies":[{"name":"wp","href":"https:\/\/api.w.org\/{rel}","templated":true}]}}